{"id":1021,"date":"2023-06-07T16:54:07","date_gmt":"2023-06-07T16:54:07","guid":{"rendered":"https:\/\/viveancares.com\/?page_id=1021"},"modified":"2023-08-03T11:51:35","modified_gmt":"2023-08-03T11:51:35","slug":"asvivendasgal","status":"publish","type":"page","link":"https:\/\/viveancares.com\/index.php\/viveancares-alugueres-e-algo-mais\/asvivendasgal\/","title":{"rendered":"ASVIVENDASGAL"},"content":{"rendered":"\n<div class=\"wp-block-buttons alignfull is-content-justification-space-between is-nowrap is-layout-flex wp-container-core-buttons-is-layout-1 wp-block-buttons-is-layout-flex\">\n<div class=\"wp-block-button has-custom-font-size is-style-outline has-caveat-font-family\" style=\"font-size:14px;font-style:normal;font-weight:900\"><a class=\"wp-block-button__link has-custom-color-1-color has-white-background-color has-text-color has-background wp-element-button\" href=\"https:\/\/viveancares.com\/index.php\/vivegal\/\" style=\"padding-top:26px;padding-right:26px;padding-bottom:26px;padding-left:26px\"><em><span style=\"text-decoration: underline\">VIVEANCARES<\/span><\/em><\/a><\/div>\n\n\n\n<div class=\"wp-block-button has-custom-font-size has-domine-font-family\" style=\"font-size:14px;font-style:normal;font-weight:900\"><a class=\"wp-block-button__link has-custom-color-1-color has-white-background-color has-text-color has-background wp-element-button\" href=\"https:\/\/viveancares.com\/index.php\/vivegal\/iniciogal\/\" style=\"padding-top:26px;padding-right:26px;padding-bottom:26px;padding-left:26px\">INICIO<\/a><\/div>\n\n\n\n<div class=\"wp-block-button has-custom-font-size has-domine-font-family\" style=\"font-size:14px;font-style:normal;font-weight:900\"><a class=\"wp-block-button__link has-custom-color-1-color has-white-background-color has-text-color has-background wp-element-button\" href=\"https:\/\/viveancares.com\/index.php\/vivegal\/situaciongal\/\" style=\"padding-top:26px;padding-right:26px;padding-bottom:26px;padding-left:26px\">SITUACI\u00d3N<\/a><\/div>\n\n\n\n<div class=\"wp-block-button has-custom-font-size has-caveat-font-family\" style=\"font-size:14px;font-style:normal;font-weight:900\"><a class=\"wp-block-button__link has-custom-color-1-color has-white-background-color has-text-color has-background wp-element-button\" href=\"https:\/\/viveancares.com\/index.php\/vivegal\/qvqfgal\/\" style=\"padding-top:26px;padding-right:26px;padding-bottom:26px;padding-left:26px\">QUE VER \/ QUE FACER<\/a><\/div>\n\n\n\n<div class=\"wp-block-button has-custom-font-size has-domine-font-family\" style=\"font-size:14px;font-style:normal;font-weight:900\"><a class=\"wp-block-button__link has-custom-color-1-color has-white-background-color has-text-color has-background wp-element-button\" href=\"https:\/\/viveancares.com\/index.php\/quensomosgal\/\" style=\"padding-top:26px;padding-right:26px;padding-bottom:26px;padding-left:26px\">QUEN SOMOS<\/a><\/div>\n\n\n\n<div class=\"wp-block-button has-custom-font-size has-domine-font-family\" style=\"font-size:14px;font-style:normal;font-weight:900\"><a class=\"wp-block-button__link has-custom-color-1-color has-white-background-color has-text-color has-background wp-element-button\" href=\"https:\/\/viveancares.com\/index.php\/viveancares-alugueres-e-algo-mais\/contacto-viveancares-viveancares-com-alquiler-ancares\/\" style=\"padding-top:26px;padding-right:26px;padding-bottom:26px;padding-left:26px\">CONTACTO<\/a><\/div>\n<\/div>\n\n\n\n<div style=\"height:100px\" aria-hidden=\"true\" class=\"wp-block-spacer\"><\/div>\n\n\n\n<p class=\"has-text-align-center has-white-color has-text-color has-caveat-font-family\" style=\"font-size:55px;font-style:italic;font-weight:900;text-decoration:underline\">As Vivendas:<\/p>\n\n\n\n<p class=\"has-text-align-center has-white-color has-text-color has-caveat-font-family\" style=\"font-size:45px;font-style:italic;font-weight:900\">Un breve resumo do que atopar\u00e1s, dentro e fora da que nos gustar\u00eda, sintas como a t\u00faa casa o tempo que nos acompa\u00f1es.<\/p>\n\n\n\n<div style=\"height:100px\" aria-hidden=\"true\" class=\"wp-block-spacer\"><\/div>\n\n\n\nngg_shortcode_0_placeholder\n\n\n\n<div style=\"height:100px\" aria-hidden=\"true\" class=\"wp-block-spacer\"><\/div>\n\n\n\n<p class=\"has-white-color has-text-color has-playfair-display-font-family\" style=\"font-size:29px;font-style:italic;font-weight:600\">Vivendas equipadas con todo o necesario para que a t\u00faa estad\u00eda sexa agradable, e con alg\u00fans pequeni\u00f1os detalles extra, que descubrir\u00e1s por ti mesmx<\/p>\n\n\n\n<div style=\"height:100px\" aria-hidden=\"true\" class=\"wp-block-spacer\"><\/div>\n\n\n\n<figure class=\"wp-block-image size-full is-resized\"><img fetchpriority=\"high\" decoding=\"async\" src=\"https:\/\/viveancares.com\/wp-content\/uploads\/2023\/06\/Via-XIX.jpg\" alt=\"\" class=\"wp-image-442\" width=\"704\" height=\"625\" srcset=\"https:\/\/viveancares.com\/wp-content\/uploads\/2023\/06\/Via-XIX.jpg 616w, https:\/\/viveancares.com\/wp-content\/uploads\/2023\/06\/Via-XIX-300x266.jpg 300w\" sizes=\"(max-width: 704px) 100vw, 704px\" \/><\/figure>\n\n\n\n<div style=\"height:100px\" aria-hidden=\"true\" class=\"wp-block-spacer\"><\/div>\n\n\n\n<div class=\"wp-block-cover alignfull is-light has-custom-content-position is-position-top-center\"><span aria-hidden=\"true\" class=\"wp-block-cover__background has-white-background-color has-background-dim-100 has-background-dim\"><\/span><div class=\"wp-block-cover__inner-container is-layout-flow wp-block-cover-is-layout-flow\">\n<p class=\"has-text-align-center has-custom-color-1-color has-text-color has-caveat-font-family\" style=\"font-size:51px;font-style:normal;font-weight:900\">&#8220;Vexo o meu cami\u00f1o, pero non sei ad\u00f3nde conduce. \u00c9 o non saber ad\u00f3nde vou, o que me inspira para recorrelo\u201d. <br><\/p>\n\n\n\n<p class=\"has-text-align-center has-custom-color-2-color has-text-color has-caveat-font-family\" style=\"font-size:51px;font-style:normal;font-weight:900\">Rosal\u00eda de Castro<\/p>\n<\/div><\/div>\n\n\n\n<div style=\"height:100px\" aria-hidden=\"true\" class=\"wp-block-spacer\"><\/div>\n\n\n\n<div class=\"wp-block-buttons alignfull is-content-justification-space-between is-nowrap is-layout-flex wp-container-core-buttons-is-layout-2 wp-block-buttons-is-layout-flex\">\n<div class=\"wp-block-button has-custom-font-size is-style-outline has-caveat-font-family\" style=\"font-size:14px;font-style:normal;font-weight:900\"><a class=\"wp-block-button__link has-custom-color-1-color has-white-background-color has-text-color has-background wp-element-button\" href=\"https:\/\/viveancares.com\/index.php\/vivegal\/\" style=\"padding-top:26px;padding-right:26px;padding-bottom:26px;padding-left:26px\"><em><span style=\"text-decoration: underline\">VIVEANCARES<\/span><\/em><\/a><\/div>\n\n\n\n<div class=\"wp-block-button has-custom-font-size has-domine-font-family\" style=\"font-size:14px;font-style:normal;font-weight:900\"><a class=\"wp-block-button__link has-custom-color-1-color has-white-background-color has-text-color has-background wp-element-button\" href=\"https:\/\/viveancares.com\/index.php\/vivegal\/iniciogal\/\" style=\"padding-top:26px;padding-right:26px;padding-bottom:26px;padding-left:26px\">INICIO<\/a><\/div>\n\n\n\n<div class=\"wp-block-button has-custom-font-size has-domine-font-family\" style=\"font-size:14px;font-style:normal;font-weight:900\"><a class=\"wp-block-button__link has-custom-color-1-color has-white-background-color has-text-color has-background wp-element-button\" href=\"https:\/\/viveancares.com\/index.php\/vivegal\/situaciongal\/\" style=\"padding-top:26px;padding-right:26px;padding-bottom:26px;padding-left:26px\">SITUACI\u00d3N<\/a><\/div>\n\n\n\n<div class=\"wp-block-button has-custom-font-size has-caveat-font-family\" style=\"font-size:14px;font-style:normal;font-weight:900\"><a class=\"wp-block-button__link has-custom-color-1-color has-white-background-color has-text-color has-background wp-element-button\" href=\"https:\/\/viveancares.com\/index.php\/vivegal\/qvqfgal\/\" style=\"padding-top:26px;padding-right:26px;padding-bottom:26px;padding-left:26px\">QUE VER \/ QUE FACER<\/a><\/div>\n\n\n\n<div class=\"wp-block-button has-custom-font-size has-domine-font-family\" style=\"font-size:14px;font-style:normal;font-weight:900\"><a class=\"wp-block-button__link has-custom-color-1-color has-white-background-color has-text-color has-background wp-element-button\" href=\"https:\/\/viveancares.com\/index.php\/quensomosgal\/\" style=\"padding-top:26px;padding-right:26px;padding-bottom:26px;padding-left:26px\">QUEN SOMOS<\/a><\/div>\n\n\n\n<div class=\"wp-block-button has-custom-font-size has-domine-font-family\" style=\"font-size:14px;font-style:normal;font-weight:900\"><a class=\"wp-block-button__link has-custom-color-1-color has-white-background-color has-text-color has-background wp-element-button\" href=\"https:\/\/viveancares.com\/index.php\/viveancares-alugueres-e-algo-mais\/contacto-viveancares-viveancares-com-alquiler-ancares\/\" style=\"padding-top:26px;padding-right:26px;padding-bottom:26px;padding-left:26px\">CONTACTO<\/a><\/div>\n<\/div>\n\n\n\n<p class=\"has-text-align-center has-black-color has-text-color has-caveat-font-family\" style=\"font-size:60px;font-style:italic;font-weight:900\">ViveAncares\u00ae<\/p>\n","protected":false},"excerpt":{"rendered":"<p>As Vivendas: Un breve resumo do que atopar\u00e1s, dentro e fora da que nos gustar\u00eda, sintas como a t\u00faa casa o tempo que nos acompa\u00f1es. Vivendas equipadas con todo o necesario para que a t\u00faa estad\u00eda sexa agradable, e con alg\u00fans pequeni\u00f1os detalles extra, que descubrir\u00e1s por ti mesmx ViveAncares\u00ae<\/p>\n","protected":false},"author":1,"featured_media":0,"parent":5,"menu_order":0,"comment_status":"closed","ping_status":"closed","template":"","meta":{"ngg_post_thumbnail":0,"two_page_speed":[],"footnotes":""},"yoast_head":"<!-- This site is optimized with the Yoast SEO Premium plugin v20.5 (Yoast SEO v24.5) - https:\/\/yoast.com\/wordpress\/plugins\/seo\/ -->\n<title>ASVIVENDASGAL - ViveAncares,Nat-Rural-Mente.<\/title>\n<meta name=\"robots\" content=\"index, follow, max-snippet:-1, max-image-preview:large, max-video-preview:-1\" \/>\n<link rel=\"canonical\" href=\"https:\/\/viveancares.com\/index.php\/viveancares-alugueres-e-algo-mais\/asvivendasgal\/\" \/>\n<meta property=\"og:locale\" content=\"gl_ES\" \/>\n<meta property=\"og:type\" content=\"article\" \/>\n<meta property=\"og:title\" content=\"ASVIVENDASGAL\" \/>\n<meta property=\"og:description\" content=\"As Vivendas: Un breve resumo do que atopar\u00e1s, dentro e fora da que nos gustar\u00eda, sintas como a t\u00faa casa o tempo que nos acompa\u00f1es. Vivendas equipadas con todo o necesario para que a t\u00faa estad\u00eda sexa agradable, e con alg\u00fans pequeni\u00f1os detalles extra, que descubrir\u00e1s por ti mesmx ViveAncares\u00ae\" \/>\n<meta property=\"og:url\" content=\"https:\/\/viveancares.com\/index.php\/viveancares-alugueres-e-algo-mais\/asvivendasgal\/\" \/>\n<meta property=\"og:site_name\" content=\"ViveAncares,Nat-Rural-Mente.\" \/>\n<meta property=\"article:publisher\" content=\"https:\/\/www.facebook.com\/profile.php?id=100093151917022\" \/>\n<meta property=\"article:modified_time\" content=\"2023-08-03T11:51:35+00:00\" \/>\n<meta property=\"og:image\" content=\"https:\/\/viveancares.com\/wp-content\/uploads\/2023\/06\/Via-XIX.jpg\" \/>\n<meta name=\"twitter:card\" content=\"summary_large_image\" \/>\n<meta name=\"twitter:label1\" content=\"Tempo de lectura\" \/>\n\t<meta name=\"twitter:data1\" content=\"1 minuto\" \/>\n<script type=\"application\/ld+json\" class=\"yoast-schema-graph\">{\"@context\":\"https:\/\/schema.org\",\"@graph\":[{\"@type\":\"WebPage\",\"@id\":\"https:\/\/viveancares.com\/index.php\/viveancares-alugueres-e-algo-mais\/asvivendasgal\/\",\"url\":\"https:\/\/viveancares.com\/index.php\/viveancares-alugueres-e-algo-mais\/asvivendasgal\/\",\"name\":\"ASVIVENDASGAL - ViveAncares,Nat-Rural-Mente.\",\"isPartOf\":{\"@id\":\"https:\/\/viveancares.com\/#website\"},\"primaryImageOfPage\":{\"@id\":\"https:\/\/viveancares.com\/index.php\/viveancares-alugueres-e-algo-mais\/asvivendasgal\/#primaryimage\"},\"image\":{\"@id\":\"https:\/\/viveancares.com\/index.php\/viveancares-alugueres-e-algo-mais\/asvivendasgal\/#primaryimage\"},\"thumbnailUrl\":\"https:\/\/viveancares.com\/wp-content\/uploads\/2023\/06\/Via-XIX.jpg\",\"datePublished\":\"2023-06-07T16:54:07+00:00\",\"dateModified\":\"2023-08-03T11:51:35+00:00\",\"breadcrumb\":{\"@id\":\"https:\/\/viveancares.com\/index.php\/viveancares-alugueres-e-algo-mais\/asvivendasgal\/#breadcrumb\"},\"inLanguage\":\"gl-ES\",\"potentialAction\":[{\"@type\":\"ReadAction\",\"target\":[\"https:\/\/viveancares.com\/index.php\/viveancares-alugueres-e-algo-mais\/asvivendasgal\/\"]}]},{\"@type\":\"ImageObject\",\"inLanguage\":\"gl-ES\",\"@id\":\"https:\/\/viveancares.com\/index.php\/viveancares-alugueres-e-algo-mais\/asvivendasgal\/#primaryimage\",\"url\":\"https:\/\/viveancares.com\/wp-content\/uploads\/2023\/06\/Via-XIX.jpg\",\"contentUrl\":\"https:\/\/viveancares.com\/wp-content\/uploads\/2023\/06\/Via-XIX.jpg\"},{\"@type\":\"BreadcrumbList\",\"@id\":\"https:\/\/viveancares.com\/index.php\/viveancares-alugueres-e-algo-mais\/asvivendasgal\/#breadcrumb\",\"itemListElement\":[{\"@type\":\"ListItem\",\"position\":1,\"name\":\"Portada\",\"item\":\"https:\/\/viveancares.com\/\"},{\"@type\":\"ListItem\",\"position\":2,\"name\":\"vivegal\",\"item\":\"https:\/\/viveancares.com\/\"},{\"@type\":\"ListItem\",\"position\":3,\"name\":\"ASVIVENDASGAL\"}]},{\"@type\":\"WebSite\",\"@id\":\"https:\/\/viveancares.com\/#website\",\"url\":\"https:\/\/viveancares.com\/\",\"name\":\"ViveAncares,Nat-Rural-Mente.\",\"description\":\"&lt;strong&gt;Alugueres e algo m\u00e1is. Sempre rematamos por chegar a donde nos esperan.&lt;\/strong&gt;&lt;br&gt;&lt;br&gt;&lt;strong&gt;Jos\u00e9 Saramago.&lt;\/strong&gt;\",\"publisher\":{\"@id\":\"https:\/\/viveancares.com\/#organization\"},\"potentialAction\":[{\"@type\":\"SearchAction\",\"target\":{\"@type\":\"EntryPoint\",\"urlTemplate\":\"https:\/\/viveancares.com\/?s={search_term_string}\"},\"query-input\":{\"@type\":\"PropertyValueSpecification\",\"valueRequired\":true,\"valueName\":\"search_term_string\"}}],\"inLanguage\":\"gl-ES\"},{\"@type\":\"Organization\",\"@id\":\"https:\/\/viveancares.com\/#organization\",\"name\":\"ViveAncares,Nat-Rural-Mente.\",\"url\":\"https:\/\/viveancares.com\/\",\"logo\":{\"@type\":\"ImageObject\",\"inLanguage\":\"gl-ES\",\"@id\":\"https:\/\/viveancares.com\/#\/schema\/logo\/image\/\",\"url\":\"https:\/\/viveancares.com\/wp-content\/uploads\/2023\/06\/logox.jpg\",\"contentUrl\":\"https:\/\/viveancares.com\/wp-content\/uploads\/2023\/06\/logox.jpg\",\"width\":1502,\"height\":227,\"caption\":\"ViveAncares,Nat-Rural-Mente.\"},\"image\":{\"@id\":\"https:\/\/viveancares.com\/#\/schema\/logo\/image\/\"},\"sameAs\":[\"https:\/\/www.facebook.com\/profile.php?id=100093151917022\"]}]}<\/script>\n<!-- \/ Yoast SEO Premium plugin. -->","yoast_head_json":{"title":"ASVIVENDASGAL - ViveAncares,Nat-Rural-Mente.","robots":{"index":"index","follow":"follow","max-snippet":"max-snippet:-1","max-image-preview":"max-image-preview:large","max-video-preview":"max-video-preview:-1"},"canonical":"https:\/\/viveancares.com\/index.php\/viveancares-alugueres-e-algo-mais\/asvivendasgal\/","og_locale":"gl_ES","og_type":"article","og_title":"ASVIVENDASGAL","og_description":"As Vivendas: Un breve resumo do que atopar\u00e1s, dentro e fora da que nos gustar\u00eda, sintas como a t\u00faa casa o tempo que nos acompa\u00f1es. Vivendas equipadas con todo o necesario para que a t\u00faa estad\u00eda sexa agradable, e con alg\u00fans pequeni\u00f1os detalles extra, que descubrir\u00e1s por ti mesmx ViveAncares\u00ae","og_url":"https:\/\/viveancares.com\/index.php\/viveancares-alugueres-e-algo-mais\/asvivendasgal\/","og_site_name":"ViveAncares,Nat-Rural-Mente.","article_publisher":"https:\/\/www.facebook.com\/profile.php?id=100093151917022","article_modified_time":"2023-08-03T11:51:35+00:00","og_image":[{"url":"https:\/\/viveancares.com\/wp-content\/uploads\/2023\/06\/Via-XIX.jpg","type":"","width":"","height":""}],"twitter_card":"summary_large_image","twitter_misc":{"Tempo de lectura":"1 minuto"},"schema":{"@context":"https:\/\/schema.org","@graph":[{"@type":"WebPage","@id":"https:\/\/viveancares.com\/index.php\/viveancares-alugueres-e-algo-mais\/asvivendasgal\/","url":"https:\/\/viveancares.com\/index.php\/viveancares-alugueres-e-algo-mais\/asvivendasgal\/","name":"ASVIVENDASGAL - ViveAncares,Nat-Rural-Mente.","isPartOf":{"@id":"https:\/\/viveancares.com\/#website"},"primaryImageOfPage":{"@id":"https:\/\/viveancares.com\/index.php\/viveancares-alugueres-e-algo-mais\/asvivendasgal\/#primaryimage"},"image":{"@id":"https:\/\/viveancares.com\/index.php\/viveancares-alugueres-e-algo-mais\/asvivendasgal\/#primaryimage"},"thumbnailUrl":"https:\/\/viveancares.com\/wp-content\/uploads\/2023\/06\/Via-XIX.jpg","datePublished":"2023-06-07T16:54:07+00:00","dateModified":"2023-08-03T11:51:35+00:00","breadcrumb":{"@id":"https:\/\/viveancares.com\/index.php\/viveancares-alugueres-e-algo-mais\/asvivendasgal\/#breadcrumb"},"inLanguage":"gl-ES","potentialAction":[{"@type":"ReadAction","target":["https:\/\/viveancares.com\/index.php\/viveancares-alugueres-e-algo-mais\/asvivendasgal\/"]}]},{"@type":"ImageObject","inLanguage":"gl-ES","@id":"https:\/\/viveancares.com\/index.php\/viveancares-alugueres-e-algo-mais\/asvivendasgal\/#primaryimage","url":"https:\/\/viveancares.com\/wp-content\/uploads\/2023\/06\/Via-XIX.jpg","contentUrl":"https:\/\/viveancares.com\/wp-content\/uploads\/2023\/06\/Via-XIX.jpg"},{"@type":"BreadcrumbList","@id":"https:\/\/viveancares.com\/index.php\/viveancares-alugueres-e-algo-mais\/asvivendasgal\/#breadcrumb","itemListElement":[{"@type":"ListItem","position":1,"name":"Portada","item":"https:\/\/viveancares.com\/"},{"@type":"ListItem","position":2,"name":"vivegal","item":"https:\/\/viveancares.com\/"},{"@type":"ListItem","position":3,"name":"ASVIVENDASGAL"}]},{"@type":"WebSite","@id":"https:\/\/viveancares.com\/#website","url":"https:\/\/viveancares.com\/","name":"ViveAncares,Nat-Rural-Mente.","description":"&lt;strong&gt;Alugueres e algo m\u00e1is. Sempre rematamos por chegar a donde nos esperan.&lt;\/strong&gt;&lt;br&gt;&lt;br&gt;&lt;strong&gt;Jos\u00e9 Saramago.&lt;\/strong&gt;","publisher":{"@id":"https:\/\/viveancares.com\/#organization"},"potentialAction":[{"@type":"SearchAction","target":{"@type":"EntryPoint","urlTemplate":"https:\/\/viveancares.com\/?s={search_term_string}"},"query-input":{"@type":"PropertyValueSpecification","valueRequired":true,"valueName":"search_term_string"}}],"inLanguage":"gl-ES"},{"@type":"Organization","@id":"https:\/\/viveancares.com\/#organization","name":"ViveAncares,Nat-Rural-Mente.","url":"https:\/\/viveancares.com\/","logo":{"@type":"ImageObject","inLanguage":"gl-ES","@id":"https:\/\/viveancares.com\/#\/schema\/logo\/image\/","url":"https:\/\/viveancares.com\/wp-content\/uploads\/2023\/06\/logox.jpg","contentUrl":"https:\/\/viveancares.com\/wp-content\/uploads\/2023\/06\/logox.jpg","width":1502,"height":227,"caption":"ViveAncares,Nat-Rural-Mente."},"image":{"@id":"https:\/\/viveancares.com\/#\/schema\/logo\/image\/"},"sameAs":["https:\/\/www.facebook.com\/profile.php?id=100093151917022"]}]}},"_links":{"self":[{"href":"https:\/\/viveancares.com\/index.php\/wp-json\/wp\/v2\/pages\/1021"}],"collection":[{"href":"https:\/\/viveancares.com\/index.php\/wp-json\/wp\/v2\/pages"}],"about":[{"href":"https:\/\/viveancares.com\/index.php\/wp-json\/wp\/v2\/types\/page"}],"author":[{"embeddable":true,"href":"https:\/\/viveancares.com\/index.php\/wp-json\/wp\/v2\/users\/1"}],"replies":[{"embeddable":true,"href":"https:\/\/viveancares.com\/index.php\/wp-json\/wp\/v2\/comments?post=1021"}],"version-history":[{"count":11,"href":"https:\/\/viveancares.com\/index.php\/wp-json\/wp\/v2\/pages\/1021\/revisions"}],"predecessor-version":[{"id":1456,"href":"https:\/\/viveancares.com\/index.php\/wp-json\/wp\/v2\/pages\/1021\/revisions\/1456"}],"up":[{"embeddable":true,"href":"https:\/\/viveancares.com\/index.php\/wp-json\/wp\/v2\/pages\/5"}],"wp:attachment":[{"href":"https:\/\/viveancares.com\/index.php\/wp-json\/wp\/v2\/media?parent=1021"}],"curies":[{"name":"wp","href":"https:\/\/api.w.org\/{rel}","templated":true}]}}