{"id":1263,"date":"2023-06-15T17:15:19","date_gmt":"2023-06-15T17:15:19","guid":{"rendered":"https:\/\/viveancares.com\/?page_id=1263"},"modified":"2023-08-25T18:34:21","modified_gmt":"2023-08-25T18:34:21","slug":"quensomosgal","status":"publish","type":"page","link":"https:\/\/viveancares.com\/index.php\/viveancares-alugueres-e-algo-mais\/quensomosgal\/","title":{"rendered":"Quensomosgal"},"content":{"rendered":"\n<p class=\"has-text-align-center\" style=\"margin-top:var(--wp--preset--spacing--20);margin-right:var(--wp--preset--spacing--20);margin-bottom:var(--wp--preset--spacing--20);margin-left:var(--wp--preset--spacing--20);padding-top:var(--wp--preset--spacing--20);padding-right:var(--wp--preset--spacing--20);padding-bottom:var(--wp--preset--spacing--20);padding-left:var(--wp--preset--spacing--20)\"><\/p>\n\n\n\n<div class=\"wp-block-columns is-layout-flex wp-container-core-columns-is-layout-1 wp-block-columns-is-layout-flex\">\n<div class=\"wp-block-column is-layout-flow wp-block-column-is-layout-flow\"><div class=\"is-style-rounded wp-block-site-logo\"><a href=\"https:\/\/viveancares.com\/\" class=\"custom-logo-link\" rel=\"home\"><img fetchpriority=\"high\" decoding=\"async\" width=\"700\" height=\"105\" src=\"https:\/\/viveancares.com\/wp-content\/uploads\/2023\/06\/logox.jpg\" class=\"custom-logo\" alt=\"ViveAncares,Nat-Rural-Mente.\" srcset=\"https:\/\/viveancares.com\/wp-content\/uploads\/2023\/06\/logox.jpg 1502w, https:\/\/viveancares.com\/wp-content\/uploads\/2023\/06\/logox-300x45.jpg 300w, https:\/\/viveancares.com\/wp-content\/uploads\/2023\/06\/logox-1024x155.jpg 1024w, https:\/\/viveancares.com\/wp-content\/uploads\/2023\/06\/logox-768x116.jpg 768w\" sizes=\"(max-width: 700px) 100vw, 700px\" \/><\/a><\/div><\/div>\n<\/div>\n\n\n\n<h2 class=\"wp-block-heading alignfull\" id=\"h-\"><\/h2>\n\n\n\n<p><\/p>\n\n\n\n<header class=\"wp-block-group alignwide has-border-color has-custom-color-2-border-color has-custom-color-1-color has-white-background-color has-text-color has-background is-layout-constrained wp-block-group-is-layout-constrained\" style=\"border-style:solid;border-width:7px;border-radius:100px;margin-top:0px;padding-bottom:calc(var(--wp--custom--v-spacing, 1.25rem) *2)\">\n<p class=\"has-text-align-center H1 has-custom-color-1-color has-text-color has-caveat-font-family\" style=\"font-size:49px;font-style:italic;font-weight:800\">ViveAncares&#8230;<\/p>\n\n\n\n<p class=\"has-text-align-center H1 has-custom-color-1-color has-text-color has-caveat-font-family\" style=\"font-size:40px;font-style:italic;font-weight:600\">Nat-Rural-Mente<\/p>\n\n\n\n<p class=\"has-text-align-center\" style=\"font-size:26px;font-style:normal;font-weight:700;text-decoration:underline\"><strong>algo m\u00e1is que alugueres<\/strong><\/p>\n<\/header>\n\n\n\n<div class=\"wp-block-buttons alignfull is-content-justification-space-between is-nowrap is-layout-flex wp-container-core-buttons-is-layout-1 wp-block-buttons-is-layout-flex\">\n<div class=\"wp-block-button has-custom-font-size is-style-outline has-caveat-font-family\" style=\"font-size:14px;font-style:normal;font-weight:900\"><a class=\"wp-block-button__link has-custom-color-1-color has-white-background-color has-text-color has-background wp-element-button\" href=\"https:\/\/viveancares.com\/index.php\/vivegal\/\" style=\"padding-top:26px;padding-right:26px;padding-bottom:26px;padding-left:26px\"><em><span style=\"text-decoration: underline\">VIVEANCARES<\/span><\/em><\/a><\/div>\n\n\n\n<div class=\"wp-block-button has-custom-font-size has-domine-font-family\" style=\"font-size:14px;font-style:normal;font-weight:900\"><a class=\"wp-block-button__link has-custom-color-1-color has-white-background-color has-text-color has-background wp-element-button\" href=\"https:\/\/viveancares.com\/index.php\/vivegal\/iniciogal\/\" style=\"padding-top:26px;padding-right:26px;padding-bottom:26px;padding-left:26px\">INICIO<\/a><\/div>\n\n\n\n<div class=\"wp-block-button has-custom-font-size has-domine-font-family\" style=\"font-size:14px;font-style:normal;font-weight:900\"><a class=\"wp-block-button__link has-custom-color-1-color has-white-background-color has-text-color has-background wp-element-button\" href=\"https:\/\/viveancares.com\/index.php\/vivegal\/situaciongal\/\" style=\"padding-top:26px;padding-right:26px;padding-bottom:26px;padding-left:26px\">SITUACI\u00d3N<\/a><\/div>\n\n\n\n<div class=\"wp-block-button has-custom-font-size has-caveat-font-family\" style=\"font-size:14px;font-style:normal;font-weight:900\"><a class=\"wp-block-button__link has-custom-color-1-color has-white-background-color has-text-color has-background wp-element-button\" href=\"https:\/\/viveancares.com\/index.php\/vivegal\/qvqfgal\/\" style=\"padding-top:26px;padding-right:26px;padding-bottom:26px;padding-left:26px\">QUE VER \/ QUE FACER<\/a><\/div>\n\n\n\n<div class=\"wp-block-button has-custom-font-size has-domine-font-family\" style=\"font-size:14px;font-style:normal;font-weight:900\"><a class=\"wp-block-button__link has-custom-color-1-color has-white-background-color has-text-color has-background wp-element-button\" href=\"https:\/\/viveancares.com\/index.php\/vivegal\/asvivendasgal\/\" style=\"padding-top:26px;padding-right:26px;padding-bottom:26px;padding-left:26px\">AS VIVENDAS<\/a><\/div>\n\n\n\n<div class=\"wp-block-button has-custom-font-size has-domine-font-family\" style=\"font-size:14px;font-style:normal;font-weight:900\"><a class=\"wp-block-button__link has-custom-color-1-color has-white-background-color has-text-color has-background wp-element-button\" href=\"https:\/\/viveancares.com\/index.php\/vivegal\/contacto-viveancares-viveancares-com-alquiler-ancares\/\" style=\"padding-top:26px;padding-right:26px;padding-bottom:26px;padding-left:26px\">CONTACTO<\/a><\/div>\n<\/div>\n\n\n\n<main class=\"wp-block-cover alignfull wp-duotone-unset-1\" style=\"font-size:0px;min-height:100vh;aspect-ratio:unset;\"><span aria-hidden=\"true\" class=\"wp-block-cover__background has-background-dim-0 has-background-dim\"><\/span><img decoding=\"async\" width=\"2560\" height=\"1920\" class=\"wp-block-cover__image-background wp-image-680\" alt=\"\" src=\"https:\/\/viveancares.com\/wp-content\/uploads\/2023\/06\/REST-3-scaled.jpg\" data-object-fit=\"cover\" srcset=\"https:\/\/viveancares.com\/wp-content\/uploads\/2023\/06\/REST-3-scaled.jpg 2560w, https:\/\/viveancares.com\/wp-content\/uploads\/2023\/06\/REST-3-300x225.jpg 300w, https:\/\/viveancares.com\/wp-content\/uploads\/2023\/06\/REST-3-1024x768.jpg 1024w, https:\/\/viveancares.com\/wp-content\/uploads\/2023\/06\/REST-3-768x576.jpg 768w, https:\/\/viveancares.com\/wp-content\/uploads\/2023\/06\/REST-3-1536x1152.jpg 1536w, https:\/\/viveancares.com\/wp-content\/uploads\/2023\/06\/REST-3-2048x1536.jpg 2048w\" sizes=\"(max-width: 2560px) 100vw, 2560px\" \/><div class=\"wp-block-cover__inner-container is-layout-flow wp-block-cover-is-layout-flow\">\n<p class=\"has-text-align-center\" style=\"font-size:0rem\"><\/p>\n<\/div><\/main>\n\n\n\n<div class=\"wp-block-columns alignwide is-layout-flex wp-container-core-columns-is-layout-2 wp-block-columns-is-layout-flex\">\n<div class=\"wp-block-column is-layout-flow wp-block-column-is-layout-flow\" style=\"flex-basis:100%\">\n<p class=\"has-text-align-center has-white-color has-text-color\" style=\"font-size:40px\"><strong>B\u00f3 d\u00eda, permit\u00eddenos unhas breves li\u00f1as de presentaci\u00f3n.<\/strong><\/p>\n\n\n\n<p class=\"has-text-align-center has-white-color has-text-color\" style=\"font-size:40px\">    <strong>Somos unha familia enamorada da nosa terra e da nosa xente, que sempre tivo claro que \u00e9ste \u00e9 o noso lugar no mundo, por iso, apostamos por invertir e desenvolvernos nel. Porque creemos que s\u00ed se pode vivir no rural e as\u00ed, nace esta nova aventura; unha aventura que desexamos que compartades con n\u00f3s. <\/strong><\/p>\n\n\n\n<p class=\"has-text-align-center has-white-color has-text-color\" style=\"font-size:40px\"><strong>Vivendas a car\u00f3n dos Ancares, o p\u00e9 da Via K\u00fcnig, a escasos metros da natureza, pero sitas nunha vila que \u00e9 cabeceira de comarca e pos\u00fae t\u00f3dolos servizos necesarios (e alg\u00fans imprescindibles <\/strong>&#8230;<img decoding=\"async\" width=\"650\" height=\"434\" class=\"wp-image-1264\" style=\"width: 650px;\" src=\"https:\/\/viveancares.com\/wp-content\/uploads\/2023\/06\/close-up-bar-tierna-cerveza-llenado-bar-pump.jpg\" alt=\"\" srcset=\"https:\/\/viveancares.com\/wp-content\/uploads\/2023\/06\/close-up-bar-tierna-cerveza-llenado-bar-pump.jpg 1000w, https:\/\/viveancares.com\/wp-content\/uploads\/2023\/06\/close-up-bar-tierna-cerveza-llenado-bar-pump-300x200.jpg 300w, https:\/\/viveancares.com\/wp-content\/uploads\/2023\/06\/close-up-bar-tierna-cerveza-llenado-bar-pump-768x512.jpg 768w, https:\/\/viveancares.com\/wp-content\/uploads\/2023\/06\/close-up-bar-tierna-cerveza-llenado-bar-pump-600x400.jpg 600w\" sizes=\"(max-width: 650px) 100vw, 650px\" \/> )<\/p>\n\n\n\n<p class=\"has-text-align-center has-white-color has-text-color\" style=\"font-size:40px\"><strong>\u00bfTodos?<\/strong><\/p>\n\n\n\n<p class=\"has-text-align-center has-white-color has-text-color\" style=\"font-size:60px\"><strong>Non ! <\/strong><\/p>\n\n\n\n<p class=\"has-text-align-center has-white-color has-text-color\" style=\"font-size:40px;text-decoration:underline\"><strong>\u00a1 Falt\u00e1bamos n\u00f3s e xa estam\u00f3s aqu\u00ed !<\/strong> <\/p>\n\n\n\n<p class=\"has-text-align-center has-white-color has-text-color\" style=\"font-size:40px\"><strong>Disfrutade da estad\u00eda, da paisaxe e do paisanaxe, e recordade:<\/strong><\/p>\n\n\n\n<h2 class=\"wp-block-heading\" id=\"h-a\">&#8220;A <\/h2>\n\n\n\n<h3 class=\"wp-block-heading\" id=\"h-jean-paul-sartre\">Jean Paul Sartre<\/h3>\n<\/div>\n<\/div>\n\n\n\n<div class=\"wp-block-cover alignfull is-light has-custom-content-position is-position-top-center\" style=\"min-height:50px;aspect-ratio:unset;\"><span aria-hidden=\"true\" class=\"wp-block-cover__background has-white-background-color has-background-dim-100 has-background-dim\"><\/span><div class=\"wp-block-cover__inner-container is-layout-flow wp-block-cover-is-layout-flow\">\n<div style=\"height:40px\" aria-hidden=\"true\" class=\"wp-block-spacer\"><\/div>\n\n\n\n<p class=\"has-text-align-center has-custom-color-1-color has-text-color has-caveat-font-family\" style=\"font-size:43px;font-style:normal;font-weight:800\">&#8220;A felicidade, non \u00e9 facer o que un quere, \u00e9 querer o que un fai&#8221;<\/p>\n\n\n\n<p class=\"has-text-align-center has-custom-color-2-color has-text-color has-caveat-font-family\" style=\"margin-top:0px;margin-right:0px;margin-bottom:0px;margin-left:0px;padding-top:0;padding-right:0;padding-bottom:0;padding-left:0;font-size:45px\">Jean Paul Sartre<strong> <\/strong><\/p>\n\n\n\n<p class=\"has-text-align-center has-white-color has-text-color\" style=\"margin-top:var(--wp--preset--spacing--20);margin-right:var(--wp--preset--spacing--20);margin-bottom:var(--wp--preset--spacing--20);margin-left:var(--wp--preset--spacing--20);padding-top:var(--wp--preset--spacing--20);padding-right:var(--wp--preset--spacing--20);padding-bottom:var(--wp--preset--spacing--20);padding-left:var(--wp--preset--spacing--20)\"><\/p>\n<\/div><\/div>\n\n\n\n<main class=\"wp-block-group alignfull has-custom-color-1-background-color has-background is-layout-constrained wp-block-group-is-layout-constrained\" style=\"margin-top:0px;padding-bottom:calc(var(--wp--custom--v-spacing, 1.25rem) *2)\">\n<div class=\"wp-block-buttons alignfull is-content-justification-space-between is-nowrap is-layout-flex wp-container-core-buttons-is-layout-2 wp-block-buttons-is-layout-flex\">\n<div class=\"wp-block-button has-custom-font-size is-style-outline has-caveat-font-family\" style=\"font-size:14px;font-style:normal;font-weight:900\"><a class=\"wp-block-button__link has-custom-color-1-color has-white-background-color has-text-color has-background wp-element-button\" href=\"https:\/\/viveancares.com\/index.php\/vivegal\/\" style=\"padding-top:26px;padding-right:26px;padding-bottom:26px;padding-left:26px\"><em><span style=\"text-decoration: underline\">VIVEANCARES<\/span><\/em><\/a><\/div>\n\n\n\n<div class=\"wp-block-button has-custom-font-size has-domine-font-family\" style=\"font-size:14px;font-style:normal;font-weight:900\"><a class=\"wp-block-button__link has-custom-color-1-color has-white-background-color has-text-color has-background wp-element-button\" href=\"https:\/\/viveancares.com\/index.php\/vivegal\/iniciogal\/\" style=\"padding-top:26px;padding-right:26px;padding-bottom:26px;padding-left:26px\">INICIO<\/a><\/div>\n\n\n\n<div class=\"wp-block-button has-custom-font-size has-domine-font-family\" style=\"font-size:14px;font-style:normal;font-weight:900\"><a class=\"wp-block-button__link has-custom-color-1-color has-white-background-color has-text-color has-background wp-element-button\" href=\"https:\/\/viveancares.com\/index.php\/vivegal\/situaciongal\/\" style=\"padding-top:26px;padding-right:26px;padding-bottom:26px;padding-left:26px\">SITUACI\u00d3N<\/a><\/div>\n\n\n\n<div class=\"wp-block-button has-custom-font-size has-caveat-font-family\" style=\"font-size:14px;font-style:normal;font-weight:900\"><a class=\"wp-block-button__link has-custom-color-1-color has-white-background-color has-text-color has-background wp-element-button\" href=\"https:\/\/viveancares.com\/index.php\/vivegal\/qvqfgal\/\" style=\"padding-top:26px;padding-right:26px;padding-bottom:26px;padding-left:26px\">QUE VER \/ QUE FACER<\/a><\/div>\n\n\n\n<div class=\"wp-block-button has-custom-font-size has-domine-font-family\" style=\"font-size:14px;font-style:normal;font-weight:900\"><a class=\"wp-block-button__link has-custom-color-1-color has-white-background-color has-text-color has-background wp-element-button\" href=\"https:\/\/viveancares.com\/index.php\/vivegal\/asvivendasgal\/\" style=\"padding-top:26px;padding-right:26px;padding-bottom:26px;padding-left:26px\">AS VIVENDAS<\/a><\/div>\n\n\n\n<div class=\"wp-block-button has-custom-font-size has-domine-font-family\" style=\"font-size:14px;font-style:normal;font-weight:900\"><a class=\"wp-block-button__link has-custom-color-1-color has-white-background-color has-text-color has-background wp-element-button\" href=\"https:\/\/viveancares.com\/index.php\/vivegal\/contacto-viveancares-viveancares-com-alquiler-ancares\/\" style=\"padding-top:26px;padding-right:26px;padding-bottom:26px;padding-left:26px\">CONTACTO<\/a><\/div>\n<\/div>\n\n\n\n<p class=\"has-text-align-center has-white-color has-text-color has-caveat-font-family has-xxx-large-font-size\" style=\"font-style:italic;font-weight:800\">ViveAncares&#8230;Nat-Rural-Mente<\/p>\n<\/main>\n\n\n\n<p class=\"has-text-align-center has-black-color has-text-color has-caveat-font-family\" style=\"font-size:65px\"><strong>ViveAncares \u00ae<\/strong><\/p>\n","protected":false},"excerpt":{"rendered":"<p>ViveAncares&#8230; Nat-Rural-Mente algo m\u00e1is que alugueres B\u00f3 d\u00eda, permit\u00eddenos unhas breves li\u00f1as de presentaci\u00f3n. Somos unha familia enamorada da nosa terra e da nosa xente, que sempre tivo claro que \u00e9ste \u00e9 o noso lugar no mundo, por iso, apostamos por invertir e desenvolvernos nel. Porque creemos que s\u00ed se pode vivir no rural e&hellip;<\/p>\n","protected":false},"author":1,"featured_media":0,"parent":5,"menu_order":0,"comment_status":"closed","ping_status":"closed","template":"","meta":{"ngg_post_thumbnail":0,"two_page_speed":[],"footnotes":""},"yoast_head":"<!-- This site is optimized with the Yoast SEO Premium plugin v20.5 (Yoast SEO v24.5) - https:\/\/yoast.com\/wordpress\/plugins\/seo\/ -->\n<title>Quensomosgal - ViveAncares,Nat-Rural-Mente.<\/title>\n<meta name=\"robots\" content=\"index, follow, max-snippet:-1, max-image-preview:large, max-video-preview:-1\" \/>\n<link rel=\"canonical\" href=\"https:\/\/viveancares.com\/index.php\/viveancares-alugueres-e-algo-mais\/quensomosgal\/\" \/>\n<meta property=\"og:locale\" content=\"gl_ES\" \/>\n<meta property=\"og:type\" content=\"article\" \/>\n<meta property=\"og:title\" content=\"Quensomosgal\" \/>\n<meta property=\"og:description\" content=\"ViveAncares&#8230; Nat-Rural-Mente algo m\u00e1is que alugueres B\u00f3 d\u00eda, permit\u00eddenos unhas breves li\u00f1as de presentaci\u00f3n. Somos unha familia enamorada da nosa terra e da nosa xente, que sempre tivo claro que \u00e9ste \u00e9 o noso lugar no mundo, por iso, apostamos por invertir e desenvolvernos nel. Porque creemos que s\u00ed se pode vivir no rural e&hellip;\" \/>\n<meta property=\"og:url\" content=\"https:\/\/viveancares.com\/index.php\/viveancares-alugueres-e-algo-mais\/quensomosgal\/\" \/>\n<meta property=\"og:site_name\" content=\"ViveAncares,Nat-Rural-Mente.\" \/>\n<meta property=\"article:publisher\" content=\"https:\/\/www.facebook.com\/profile.php?id=100093151917022\" \/>\n<meta property=\"article:modified_time\" content=\"2023-08-25T18:34:21+00:00\" \/>\n<meta property=\"og:image\" content=\"https:\/\/viveancares.com\/wp-content\/uploads\/2023\/06\/REST-3-scaled.jpg\" \/>\n<meta name=\"twitter:card\" content=\"summary_large_image\" \/>\n<meta name=\"twitter:label1\" content=\"Tempo de lectura\" \/>\n\t<meta name=\"twitter:data1\" content=\"2 minutos\" \/>\n<script type=\"application\/ld+json\" class=\"yoast-schema-graph\">{\"@context\":\"https:\/\/schema.org\",\"@graph\":[{\"@type\":\"WebPage\",\"@id\":\"https:\/\/viveancares.com\/index.php\/viveancares-alugueres-e-algo-mais\/quensomosgal\/\",\"url\":\"https:\/\/viveancares.com\/index.php\/viveancares-alugueres-e-algo-mais\/quensomosgal\/\",\"name\":\"Quensomosgal - ViveAncares,Nat-Rural-Mente.\",\"isPartOf\":{\"@id\":\"https:\/\/viveancares.com\/#website\"},\"primaryImageOfPage\":{\"@id\":\"https:\/\/viveancares.com\/index.php\/viveancares-alugueres-e-algo-mais\/quensomosgal\/#primaryimage\"},\"image\":{\"@id\":\"https:\/\/viveancares.com\/index.php\/viveancares-alugueres-e-algo-mais\/quensomosgal\/#primaryimage\"},\"thumbnailUrl\":\"https:\/\/viveancares.com\/wp-content\/uploads\/2023\/06\/REST-3-scaled.jpg\",\"datePublished\":\"2023-06-15T17:15:19+00:00\",\"dateModified\":\"2023-08-25T18:34:21+00:00\",\"breadcrumb\":{\"@id\":\"https:\/\/viveancares.com\/index.php\/viveancares-alugueres-e-algo-mais\/quensomosgal\/#breadcrumb\"},\"inLanguage\":\"gl-ES\",\"potentialAction\":[{\"@type\":\"ReadAction\",\"target\":[\"https:\/\/viveancares.com\/index.php\/viveancares-alugueres-e-algo-mais\/quensomosgal\/\"]}]},{\"@type\":\"ImageObject\",\"inLanguage\":\"gl-ES\",\"@id\":\"https:\/\/viveancares.com\/index.php\/viveancares-alugueres-e-algo-mais\/quensomosgal\/#primaryimage\",\"url\":\"https:\/\/viveancares.com\/wp-content\/uploads\/2023\/06\/REST-3-scaled.jpg\",\"contentUrl\":\"https:\/\/viveancares.com\/wp-content\/uploads\/2023\/06\/REST-3-scaled.jpg\",\"width\":2560,\"height\":1920},{\"@type\":\"BreadcrumbList\",\"@id\":\"https:\/\/viveancares.com\/index.php\/viveancares-alugueres-e-algo-mais\/quensomosgal\/#breadcrumb\",\"itemListElement\":[{\"@type\":\"ListItem\",\"position\":1,\"name\":\"Portada\",\"item\":\"https:\/\/viveancares.com\/\"},{\"@type\":\"ListItem\",\"position\":2,\"name\":\"vivegal\",\"item\":\"https:\/\/viveancares.com\/\"},{\"@type\":\"ListItem\",\"position\":3,\"name\":\"Quensomosgal\"}]},{\"@type\":\"WebSite\",\"@id\":\"https:\/\/viveancares.com\/#website\",\"url\":\"https:\/\/viveancares.com\/\",\"name\":\"ViveAncares,Nat-Rural-Mente.\",\"description\":\"&lt;strong&gt;Alugueres e algo m\u00e1is. Sempre rematamos por chegar a donde nos esperan.&lt;\/strong&gt;&lt;br&gt;&lt;br&gt;&lt;strong&gt;Jos\u00e9 Saramago.&lt;\/strong&gt;\",\"publisher\":{\"@id\":\"https:\/\/viveancares.com\/#organization\"},\"potentialAction\":[{\"@type\":\"SearchAction\",\"target\":{\"@type\":\"EntryPoint\",\"urlTemplate\":\"https:\/\/viveancares.com\/?s={search_term_string}\"},\"query-input\":{\"@type\":\"PropertyValueSpecification\",\"valueRequired\":true,\"valueName\":\"search_term_string\"}}],\"inLanguage\":\"gl-ES\"},{\"@type\":\"Organization\",\"@id\":\"https:\/\/viveancares.com\/#organization\",\"name\":\"ViveAncares,Nat-Rural-Mente.\",\"url\":\"https:\/\/viveancares.com\/\",\"logo\":{\"@type\":\"ImageObject\",\"inLanguage\":\"gl-ES\",\"@id\":\"https:\/\/viveancares.com\/#\/schema\/logo\/image\/\",\"url\":\"https:\/\/viveancares.com\/wp-content\/uploads\/2023\/06\/logox.jpg\",\"contentUrl\":\"https:\/\/viveancares.com\/wp-content\/uploads\/2023\/06\/logox.jpg\",\"width\":1502,\"height\":227,\"caption\":\"ViveAncares,Nat-Rural-Mente.\"},\"image\":{\"@id\":\"https:\/\/viveancares.com\/#\/schema\/logo\/image\/\"},\"sameAs\":[\"https:\/\/www.facebook.com\/profile.php?id=100093151917022\"]}]}<\/script>\n<!-- \/ Yoast SEO Premium plugin. -->","yoast_head_json":{"title":"Quensomosgal - ViveAncares,Nat-Rural-Mente.","robots":{"index":"index","follow":"follow","max-snippet":"max-snippet:-1","max-image-preview":"max-image-preview:large","max-video-preview":"max-video-preview:-1"},"canonical":"https:\/\/viveancares.com\/index.php\/viveancares-alugueres-e-algo-mais\/quensomosgal\/","og_locale":"gl_ES","og_type":"article","og_title":"Quensomosgal","og_description":"ViveAncares&#8230; Nat-Rural-Mente algo m\u00e1is que alugueres B\u00f3 d\u00eda, permit\u00eddenos unhas breves li\u00f1as de presentaci\u00f3n. Somos unha familia enamorada da nosa terra e da nosa xente, que sempre tivo claro que \u00e9ste \u00e9 o noso lugar no mundo, por iso, apostamos por invertir e desenvolvernos nel. Porque creemos que s\u00ed se pode vivir no rural e&hellip;","og_url":"https:\/\/viveancares.com\/index.php\/viveancares-alugueres-e-algo-mais\/quensomosgal\/","og_site_name":"ViveAncares,Nat-Rural-Mente.","article_publisher":"https:\/\/www.facebook.com\/profile.php?id=100093151917022","article_modified_time":"2023-08-25T18:34:21+00:00","og_image":[{"url":"https:\/\/viveancares.com\/wp-content\/uploads\/2023\/06\/REST-3-scaled.jpg","type":"","width":"","height":""}],"twitter_card":"summary_large_image","twitter_misc":{"Tempo de lectura":"2 minutos"},"schema":{"@context":"https:\/\/schema.org","@graph":[{"@type":"WebPage","@id":"https:\/\/viveancares.com\/index.php\/viveancares-alugueres-e-algo-mais\/quensomosgal\/","url":"https:\/\/viveancares.com\/index.php\/viveancares-alugueres-e-algo-mais\/quensomosgal\/","name":"Quensomosgal - ViveAncares,Nat-Rural-Mente.","isPartOf":{"@id":"https:\/\/viveancares.com\/#website"},"primaryImageOfPage":{"@id":"https:\/\/viveancares.com\/index.php\/viveancares-alugueres-e-algo-mais\/quensomosgal\/#primaryimage"},"image":{"@id":"https:\/\/viveancares.com\/index.php\/viveancares-alugueres-e-algo-mais\/quensomosgal\/#primaryimage"},"thumbnailUrl":"https:\/\/viveancares.com\/wp-content\/uploads\/2023\/06\/REST-3-scaled.jpg","datePublished":"2023-06-15T17:15:19+00:00","dateModified":"2023-08-25T18:34:21+00:00","breadcrumb":{"@id":"https:\/\/viveancares.com\/index.php\/viveancares-alugueres-e-algo-mais\/quensomosgal\/#breadcrumb"},"inLanguage":"gl-ES","potentialAction":[{"@type":"ReadAction","target":["https:\/\/viveancares.com\/index.php\/viveancares-alugueres-e-algo-mais\/quensomosgal\/"]}]},{"@type":"ImageObject","inLanguage":"gl-ES","@id":"https:\/\/viveancares.com\/index.php\/viveancares-alugueres-e-algo-mais\/quensomosgal\/#primaryimage","url":"https:\/\/viveancares.com\/wp-content\/uploads\/2023\/06\/REST-3-scaled.jpg","contentUrl":"https:\/\/viveancares.com\/wp-content\/uploads\/2023\/06\/REST-3-scaled.jpg","width":2560,"height":1920},{"@type":"BreadcrumbList","@id":"https:\/\/viveancares.com\/index.php\/viveancares-alugueres-e-algo-mais\/quensomosgal\/#breadcrumb","itemListElement":[{"@type":"ListItem","position":1,"name":"Portada","item":"https:\/\/viveancares.com\/"},{"@type":"ListItem","position":2,"name":"vivegal","item":"https:\/\/viveancares.com\/"},{"@type":"ListItem","position":3,"name":"Quensomosgal"}]},{"@type":"WebSite","@id":"https:\/\/viveancares.com\/#website","url":"https:\/\/viveancares.com\/","name":"ViveAncares,Nat-Rural-Mente.","description":"&lt;strong&gt;Alugueres e algo m\u00e1is. Sempre rematamos por chegar a donde nos esperan.&lt;\/strong&gt;&lt;br&gt;&lt;br&gt;&lt;strong&gt;Jos\u00e9 Saramago.&lt;\/strong&gt;","publisher":{"@id":"https:\/\/viveancares.com\/#organization"},"potentialAction":[{"@type":"SearchAction","target":{"@type":"EntryPoint","urlTemplate":"https:\/\/viveancares.com\/?s={search_term_string}"},"query-input":{"@type":"PropertyValueSpecification","valueRequired":true,"valueName":"search_term_string"}}],"inLanguage":"gl-ES"},{"@type":"Organization","@id":"https:\/\/viveancares.com\/#organization","name":"ViveAncares,Nat-Rural-Mente.","url":"https:\/\/viveancares.com\/","logo":{"@type":"ImageObject","inLanguage":"gl-ES","@id":"https:\/\/viveancares.com\/#\/schema\/logo\/image\/","url":"https:\/\/viveancares.com\/wp-content\/uploads\/2023\/06\/logox.jpg","contentUrl":"https:\/\/viveancares.com\/wp-content\/uploads\/2023\/06\/logox.jpg","width":1502,"height":227,"caption":"ViveAncares,Nat-Rural-Mente."},"image":{"@id":"https:\/\/viveancares.com\/#\/schema\/logo\/image\/"},"sameAs":["https:\/\/www.facebook.com\/profile.php?id=100093151917022"]}]}},"_links":{"self":[{"href":"https:\/\/viveancares.com\/index.php\/wp-json\/wp\/v2\/pages\/1263"}],"collection":[{"href":"https:\/\/viveancares.com\/index.php\/wp-json\/wp\/v2\/pages"}],"about":[{"href":"https:\/\/viveancares.com\/index.php\/wp-json\/wp\/v2\/types\/page"}],"author":[{"embeddable":true,"href":"https:\/\/viveancares.com\/index.php\/wp-json\/wp\/v2\/users\/1"}],"replies":[{"embeddable":true,"href":"https:\/\/viveancares.com\/index.php\/wp-json\/wp\/v2\/comments?post=1263"}],"version-history":[{"count":5,"href":"https:\/\/viveancares.com\/index.php\/wp-json\/wp\/v2\/pages\/1263\/revisions"}],"predecessor-version":[{"id":1543,"href":"https:\/\/viveancares.com\/index.php\/wp-json\/wp\/v2\/pages\/1263\/revisions\/1543"}],"up":[{"embeddable":true,"href":"https:\/\/viveancares.com\/index.php\/wp-json\/wp\/v2\/pages\/5"}],"wp:attachment":[{"href":"https:\/\/viveancares.com\/index.php\/wp-json\/wp\/v2\/media?parent=1263"}],"curies":[{"name":"wp","href":"https:\/\/api.w.org\/{rel}","templated":true}]}}