{"id":307,"date":"2023-06-05T11:14:15","date_gmt":"2023-06-05T11:14:15","guid":{"rendered":"https:\/\/viveancares.com\/?page_id=307"},"modified":"2023-06-23T12:19:22","modified_gmt":"2023-06-23T12:19:22","slug":"galeriagal","status":"publish","type":"page","link":"https:\/\/viveancares.com\/index.php\/viveancares-alugueres-e-algo-mais\/galeriagal\/","title":{"rendered":"GALER\u00cdAGAL"},"content":{"rendered":"\n<div class=\"wp-block-buttons alignfull is-content-justification-space-between is-nowrap is-layout-flex wp-container-core-buttons-is-layout-1 wp-block-buttons-is-layout-flex\">\n<div class=\"wp-block-button has-custom-font-size is-style-outline has-caveat-font-family\" style=\"font-size:14px;font-style:normal;font-weight:900\"><a class=\"wp-block-button__link has-custom-color-1-color has-white-background-color has-text-color has-background wp-element-button\" href=\"https:\/\/viveancares.com\/index.php\/vivegal\/\" style=\"padding-top:26px;padding-right:26px;padding-bottom:26px;padding-left:26px\"><em><span style=\"text-decoration: underline\">VIVEANCARES<\/span><\/em><\/a><\/div>\n\n\n\n<div class=\"wp-block-button has-custom-font-size has-domine-font-family\" style=\"font-size:14px;font-style:normal;font-weight:900\"><a class=\"wp-block-button__link has-custom-color-1-color has-white-background-color has-text-color has-background wp-element-button\" href=\"https:\/\/viveancares.com\/index.php\/vivegal\/situaciongal\/\" style=\"padding-top:26px;padding-right:26px;padding-bottom:26px;padding-left:26px\">SITUACI\u00d3N<\/a><\/div>\n\n\n\n<div class=\"wp-block-button has-custom-font-size has-caveat-font-family\" style=\"font-size:14px;font-style:normal;font-weight:900\"><a class=\"wp-block-button__link has-custom-color-1-color has-white-background-color has-text-color has-background wp-element-button\" href=\"https:\/\/viveancares.com\/index.php\/vivegal\/qvqfgal\/\" style=\"padding-top:26px;padding-right:26px;padding-bottom:26px;padding-left:26px\">QUE VER \/ QUE FACER<\/a><\/div>\n\n\n\n<div class=\"wp-block-button has-custom-font-size has-domine-font-family\" style=\"font-size:14px;font-style:normal;font-weight:900\"><a class=\"wp-block-button__link has-custom-color-1-color has-white-background-color has-text-color has-background wp-element-button\" href=\"https:\/\/viveancares.com\/index.php\/asvivengal\/\" style=\"padding-top:26px;padding-right:26px;padding-bottom:26px;padding-left:26px\">AS VIVENDAS<\/a><\/div>\n\n\n\n<div class=\"wp-block-button has-custom-font-size has-domine-font-family\" style=\"font-size:14px;font-style:normal;font-weight:900\"><a class=\"wp-block-button__link has-custom-color-1-color has-white-background-color has-text-color has-background wp-element-button\" style=\"padding-top:26px;padding-right:26px;padding-bottom:26px;padding-left:26px\">QUEN SOMOS<\/a><\/div>\n\n\n\n<div class=\"wp-block-button has-custom-font-size has-domine-font-family\" style=\"font-size:14px;font-style:normal;font-weight:900\"><a class=\"wp-block-button__link has-custom-color-1-color has-white-background-color has-text-color has-background wp-element-button\" style=\"padding-top:26px;padding-right:26px;padding-bottom:26px;padding-left:26px\">CONTACTO<\/a><\/div>\n<\/div>\n\n\n\n<div style=\"height:100px\" aria-hidden=\"true\" class=\"wp-block-spacer\"><\/div>\n\n\n\n<p class=\"has-text-align-center has-white-color has-text-color has-caveat-font-family\" style=\"font-size:55px;font-style:italic;font-weight:900;text-decoration:underline\">Moito m\u00e1is que paisaxes:<\/p>\n\n\n\n<figure class=\"wp-block-pullquote alignwide has-text-align-left has-white-color has-text-color has-caveat-font-family\" style=\"font-size:45px\"><blockquote><p>    <strong>Casas Grandes e Pazos, igrexas e mosteiros, horreos e cort\u00edns, castelos e torres, petroglifos, dolmens e Covas dos Mouros; miliarios, pontes, murallas e v\u00edas romanas&#8230; E paisaxe claro est\u00e1, da monta\u00f1a \u00e1 praia, das aldeas \u00e1 cidade, das dunas \u00f3s bosques; todo forma parte de qu\u00e9, de qu\u00e9n e de c\u00f3mo somos. \u00c9 m\u00e1is que patrimonio, m\u00e1is que paisaxe, \u00e9 a nosa herdanza xen\u00e9tica e o porqu\u00e9 da nosa idiosincrasia.<\/strong><\/p><\/blockquote><\/figure>\n\n\n\n<div style=\"height:100px\" aria-hidden=\"true\" class=\"wp-block-spacer\"><\/div>\n\n\n\n<p class=\"has-text-align-center has-white-color has-text-color has-playfair-display-font-family\" style=\"font-size:45px;font-style:italic;font-weight:900;text-decoration:underline\">A vila, o entorno, o patrimonio\u2026<\/p>\n\n\n\n<div style=\"height:100px\" aria-hidden=\"true\" class=\"wp-block-spacer\"><\/div>\n\n\n\nngg_shortcode_0_placeholder\n\n\n\n<p class=\"has-white-color has-text-color has-playfair-display-font-family\" style=\"font-size:29px;font-style:italic;font-weight:600\">   O Castro, <a href=\"https:\/\/www.google.es\/maps\/place\/Os+Grobos\/@42.8251802,-7.125993,17z\/data=!3m1!4b1!4m6!3m5!1s0xd3057ba5a3c675b:0x5f12e13da4c116b0!8m2!3d42.8251802!4d-7.1234181!16s%2Fg%2F11c1rfg6n1?entry=ttu\"><mark style=\"background-color:rgba(0, 0, 0, 0);color:#5dcbe1\" class=\"has-inline-color\">O bosque dos Grobos<\/mark><\/a>, Fontecavada, o <a href=\"https:\/\/es.wikiloc.com\/rutas-senderismo\/ruta-del-acineiral-de-cruzul-os-ancares-1652180\"><mark style=\"background-color:rgba(0, 0, 0, 0);color:#78e8f4\" class=\"has-inline-color\">Aci\u00f1eiral de Cruzul<\/mark><\/a>, as Covas de Valdavara, o Parque da Carballeira, Foncova,<mark style=\"background-color:rgba(0, 0, 0, 0);color:#74e3e7\" class=\"has-inline-color\"> <\/mark><a href=\"https:\/\/bikerfriendly.es\/negocio\/ponte-do-demo-pontes-de-gatin\/\" target=\"_blank\" rel=\"noreferrer noopener\"><mark style=\"background-color:rgba(0, 0, 0, 0);color:#80eef2\" class=\"has-inline-color\">A ponte do demo<\/mark><\/a>, Cadoalla, Penafurada, o <a href=\"https:\/\/viakunig.eu\/tramo-04-becerrea-baralla\/\" target=\"_blank\" rel=\"noreferrer noopener\"><mark style=\"background-color:rgba(0, 0, 0, 0);color:#69ead8\" class=\"has-inline-color\">Cami\u00f1o da Antiga<\/mark><\/a>, a <a href=\"https:\/\/www.google.com\/maps\/place\/Lavadero+p%C3%BAblico+(A+Fonte+do+Inferno)\/@42.857269,-7.1648892,21z\/data=!4m9!1m2!2m1!1scovas+de+valdavara!3m5!1s0xd30574a6458701d:0x47b64a68b38ac40d!8m2!3d42.8573328!4d-7.1651258!16s%2Fg%2F11h_bvywsz?entry=ttu\">Fonte do Inferno<\/a>&#8230; nomes que soan a maxia, a lendas, a mouros, te\u00f1en m\u00fasica por si mesmos, e non decepcionan cando se lles pon imaxe.<\/p>\n\n\n\n<p class=\"has-text-align-center has-white-color has-text-color has-playfair-display-font-family\" style=\"font-size:45px;font-style:italic;font-weight:600\">   Ven e descobre o seu son.<\/p>\n\n\n\n<figure class=\"wp-block-image size-full is-resized\"><img fetchpriority=\"high\" decoding=\"async\" src=\"https:\/\/viveancares.com\/wp-content\/uploads\/2023\/06\/Via-XIX.jpg\" alt=\"\" class=\"wp-image-442\" width=\"704\" height=\"625\" srcset=\"https:\/\/viveancares.com\/wp-content\/uploads\/2023\/06\/Via-XIX.jpg 616w, https:\/\/viveancares.com\/wp-content\/uploads\/2023\/06\/Via-XIX-300x266.jpg 300w\" sizes=\"(max-width: 704px) 100vw, 704px\" \/><\/figure>\n\n\n\n<div style=\"height:100px\" aria-hidden=\"true\" class=\"wp-block-spacer\"><\/div>\n\n\n\n<div class=\"wp-block-cover alignfull is-light has-custom-content-position is-position-top-center\"><span aria-hidden=\"true\" class=\"wp-block-cover__background has-white-background-color has-background-dim-100 has-background-dim\"><\/span><div class=\"wp-block-cover__inner-container is-layout-flow wp-block-cover-is-layout-flow\">\n<p class=\"has-text-align-center has-custom-color-1-color has-text-color has-caveat-font-family\" style=\"font-size:51px;font-style:normal;font-weight:900\">&#8220;S<strong>empre rematamos por chegar a donde nos esperan<\/strong>&#8220;.<br><\/p>\n\n\n\n<p class=\"has-text-align-center has-custom-color-2-color has-text-color has-caveat-font-family\" style=\"margin-top:0px;margin-right:0px;margin-bottom:0px;margin-left:0px;padding-top:0;padding-right:0;padding-bottom:0;padding-left:0;font-size:50px\"><strong>Jos\u00e9 Saramago <\/strong><\/p>\n<\/div><\/div>\n\n\n\n<div style=\"height:100px\" aria-hidden=\"true\" class=\"wp-block-spacer\"><\/div>\n\n\n\n<div class=\"wp-block-buttons alignfull is-content-justification-space-between is-nowrap is-layout-flex wp-container-core-buttons-is-layout-2 wp-block-buttons-is-layout-flex\">\n<div class=\"wp-block-button has-custom-font-size is-style-outline has-caveat-font-family\" style=\"font-size:14px;font-style:normal;font-weight:900\"><a class=\"wp-block-button__link has-custom-color-1-color has-white-background-color has-text-color has-background wp-element-button\" href=\"https:\/\/viveancares.com\/index.php\/vivegal\/\" style=\"padding-top:26px;padding-right:26px;padding-bottom:26px;padding-left:26px\"><em><span style=\"text-decoration: underline\">VIVEANCARES<\/span><\/em><\/a><\/div>\n\n\n\n<div class=\"wp-block-button has-custom-font-size has-domine-font-family\" style=\"font-size:14px;font-style:normal;font-weight:900\"><a class=\"wp-block-button__link has-custom-color-1-color has-white-background-color has-text-color has-background wp-element-button\" href=\"https:\/\/viveancares.com\/index.php\/vivegal\/situaciongal\/\" style=\"padding-top:26px;padding-right:26px;padding-bottom:26px;padding-left:26px\">SITUACI\u00d3N<\/a><\/div>\n\n\n\n<div class=\"wp-block-button has-custom-font-size has-caveat-font-family\" style=\"font-size:14px;font-style:normal;font-weight:900\"><a class=\"wp-block-button__link has-custom-color-1-color has-white-background-color has-text-color has-background wp-element-button\" href=\"https:\/\/viveancares.com\/index.php\/vivegal\/qvqfgal\/\" style=\"padding-top:26px;padding-right:26px;padding-bottom:26px;padding-left:26px\">QUE VER \/ QUE FACER<\/a><\/div>\n\n\n\n<div class=\"wp-block-button has-custom-font-size has-domine-font-family\" style=\"font-size:14px;font-style:normal;font-weight:900\"><a class=\"wp-block-button__link has-custom-color-1-color has-white-background-color has-text-color has-background wp-element-button\" href=\"https:\/\/viveancares.com\/index.php\/asvivengal\/\" style=\"padding-top:26px;padding-right:26px;padding-bottom:26px;padding-left:26px\">AS VIVENDAS<\/a><\/div>\n\n\n\n<div class=\"wp-block-button has-custom-font-size has-domine-font-family\" style=\"font-size:14px;font-style:normal;font-weight:900\"><a class=\"wp-block-button__link has-custom-color-1-color has-white-background-color has-text-color has-background wp-element-button\" style=\"padding-top:26px;padding-right:26px;padding-bottom:26px;padding-left:26px\">QUEN SOMOS<\/a><\/div>\n\n\n\n<div class=\"wp-block-button has-custom-font-size has-domine-font-family\" style=\"font-size:14px;font-style:normal;font-weight:900\"><a class=\"wp-block-button__link has-custom-color-1-color has-white-background-color has-text-color has-background wp-element-button\" style=\"padding-top:26px;padding-right:26px;padding-bottom:26px;padding-left:26px\">CONTACTO<\/a><\/div>\n<\/div>\n\n\n\n<p class=\"has-text-align-center has-black-color has-text-color has-caveat-font-family\" style=\"font-size:60px;font-style:italic;font-weight:900\">ViveAncares\u00ae<\/p>\n","protected":false},"excerpt":{"rendered":"<p>Moito m\u00e1is que paisaxes: Casas Grandes e Pazos, igrexas e mosteiros, horreos e cort\u00edns, castelos e torres, petroglifos, dolmens e Covas dos Mouros; miliarios, pontes, murallas e v\u00edas romanas&#8230; E paisaxe claro est\u00e1, da monta\u00f1a \u00e1 praia, das aldeas \u00e1 cidade, das dunas \u00f3s bosques; todo forma parte de qu\u00e9, de qu\u00e9n e de c\u00f3mo&hellip;<\/p>\n","protected":false},"author":1,"featured_media":0,"parent":5,"menu_order":0,"comment_status":"closed","ping_status":"closed","template":"","meta":{"ngg_post_thumbnail":0,"two_page_speed":[],"footnotes":""},"yoast_head":"<!-- This site is optimized with the Yoast SEO Premium plugin v20.5 (Yoast SEO v24.5) - https:\/\/yoast.com\/wordpress\/plugins\/seo\/ -->\n<title>GALER\u00cdAGAL - ViveAncares,Nat-Rural-Mente.<\/title>\n<meta name=\"robots\" content=\"index, follow, max-snippet:-1, max-image-preview:large, max-video-preview:-1\" \/>\n<link rel=\"canonical\" href=\"https:\/\/viveancares.com\/index.php\/viveancares-alugueres-e-algo-mais\/galeriagal\/\" \/>\n<meta property=\"og:locale\" content=\"gl_ES\" \/>\n<meta property=\"og:type\" content=\"article\" \/>\n<meta property=\"og:title\" content=\"GALER\u00cdAGAL\" \/>\n<meta property=\"og:description\" content=\"Moito m\u00e1is que paisaxes: Casas Grandes e Pazos, igrexas e mosteiros, horreos e cort\u00edns, castelos e torres, petroglifos, dolmens e Covas dos Mouros; miliarios, pontes, murallas e v\u00edas romanas&#8230; E paisaxe claro est\u00e1, da monta\u00f1a \u00e1 praia, das aldeas \u00e1 cidade, das dunas \u00f3s bosques; todo forma parte de qu\u00e9, de qu\u00e9n e de c\u00f3mo&hellip;\" \/>\n<meta property=\"og:url\" content=\"https:\/\/viveancares.com\/index.php\/viveancares-alugueres-e-algo-mais\/galeriagal\/\" \/>\n<meta property=\"og:site_name\" content=\"ViveAncares,Nat-Rural-Mente.\" \/>\n<meta property=\"article:publisher\" content=\"https:\/\/www.facebook.com\/profile.php?id=100093151917022\" \/>\n<meta property=\"article:modified_time\" content=\"2023-06-23T12:19:22+00:00\" \/>\n<meta property=\"og:image\" content=\"https:\/\/viveancares.com\/wp-content\/uploads\/2023\/06\/Via-XIX.jpg\" \/>\n<meta name=\"twitter:card\" content=\"summary_large_image\" \/>\n<meta name=\"twitter:label1\" content=\"Tempo de lectura\" \/>\n\t<meta name=\"twitter:data1\" content=\"2 minutos\" \/>\n<script type=\"application\/ld+json\" class=\"yoast-schema-graph\">{\"@context\":\"https:\/\/schema.org\",\"@graph\":[{\"@type\":\"WebPage\",\"@id\":\"https:\/\/viveancares.com\/index.php\/viveancares-alugueres-e-algo-mais\/galeriagal\/\",\"url\":\"https:\/\/viveancares.com\/index.php\/viveancares-alugueres-e-algo-mais\/galeriagal\/\",\"name\":\"GALER\u00cdAGAL - ViveAncares,Nat-Rural-Mente.\",\"isPartOf\":{\"@id\":\"https:\/\/viveancares.com\/#website\"},\"primaryImageOfPage\":{\"@id\":\"https:\/\/viveancares.com\/index.php\/viveancares-alugueres-e-algo-mais\/galeriagal\/#primaryimage\"},\"image\":{\"@id\":\"https:\/\/viveancares.com\/index.php\/viveancares-alugueres-e-algo-mais\/galeriagal\/#primaryimage\"},\"thumbnailUrl\":\"https:\/\/viveancares.com\/wp-content\/uploads\/2023\/06\/Via-XIX.jpg\",\"datePublished\":\"2023-06-05T11:14:15+00:00\",\"dateModified\":\"2023-06-23T12:19:22+00:00\",\"breadcrumb\":{\"@id\":\"https:\/\/viveancares.com\/index.php\/viveancares-alugueres-e-algo-mais\/galeriagal\/#breadcrumb\"},\"inLanguage\":\"gl-ES\",\"potentialAction\":[{\"@type\":\"ReadAction\",\"target\":[\"https:\/\/viveancares.com\/index.php\/viveancares-alugueres-e-algo-mais\/galeriagal\/\"]}]},{\"@type\":\"ImageObject\",\"inLanguage\":\"gl-ES\",\"@id\":\"https:\/\/viveancares.com\/index.php\/viveancares-alugueres-e-algo-mais\/galeriagal\/#primaryimage\",\"url\":\"https:\/\/viveancares.com\/wp-content\/uploads\/2023\/06\/Via-XIX.jpg\",\"contentUrl\":\"https:\/\/viveancares.com\/wp-content\/uploads\/2023\/06\/Via-XIX.jpg\"},{\"@type\":\"BreadcrumbList\",\"@id\":\"https:\/\/viveancares.com\/index.php\/viveancares-alugueres-e-algo-mais\/galeriagal\/#breadcrumb\",\"itemListElement\":[{\"@type\":\"ListItem\",\"position\":1,\"name\":\"Portada\",\"item\":\"https:\/\/viveancares.com\/\"},{\"@type\":\"ListItem\",\"position\":2,\"name\":\"vivegal\",\"item\":\"https:\/\/viveancares.com\/\"},{\"@type\":\"ListItem\",\"position\":3,\"name\":\"GALER\u00cdAGAL\"}]},{\"@type\":\"WebSite\",\"@id\":\"https:\/\/viveancares.com\/#website\",\"url\":\"https:\/\/viveancares.com\/\",\"name\":\"ViveAncares,Nat-Rural-Mente.\",\"description\":\"&lt;strong&gt;Alugueres e algo m\u00e1is. Sempre rematamos por chegar a donde nos esperan.&lt;\/strong&gt;&lt;br&gt;&lt;br&gt;&lt;strong&gt;Jos\u00e9 Saramago.&lt;\/strong&gt;\",\"publisher\":{\"@id\":\"https:\/\/viveancares.com\/#organization\"},\"potentialAction\":[{\"@type\":\"SearchAction\",\"target\":{\"@type\":\"EntryPoint\",\"urlTemplate\":\"https:\/\/viveancares.com\/?s={search_term_string}\"},\"query-input\":{\"@type\":\"PropertyValueSpecification\",\"valueRequired\":true,\"valueName\":\"search_term_string\"}}],\"inLanguage\":\"gl-ES\"},{\"@type\":\"Organization\",\"@id\":\"https:\/\/viveancares.com\/#organization\",\"name\":\"ViveAncares,Nat-Rural-Mente.\",\"url\":\"https:\/\/viveancares.com\/\",\"logo\":{\"@type\":\"ImageObject\",\"inLanguage\":\"gl-ES\",\"@id\":\"https:\/\/viveancares.com\/#\/schema\/logo\/image\/\",\"url\":\"https:\/\/viveancares.com\/wp-content\/uploads\/2023\/06\/logox.jpg\",\"contentUrl\":\"https:\/\/viveancares.com\/wp-content\/uploads\/2023\/06\/logox.jpg\",\"width\":1502,\"height\":227,\"caption\":\"ViveAncares,Nat-Rural-Mente.\"},\"image\":{\"@id\":\"https:\/\/viveancares.com\/#\/schema\/logo\/image\/\"},\"sameAs\":[\"https:\/\/www.facebook.com\/profile.php?id=100093151917022\"]}]}<\/script>\n<!-- \/ Yoast SEO Premium plugin. -->","yoast_head_json":{"title":"GALER\u00cdAGAL - ViveAncares,Nat-Rural-Mente.","robots":{"index":"index","follow":"follow","max-snippet":"max-snippet:-1","max-image-preview":"max-image-preview:large","max-video-preview":"max-video-preview:-1"},"canonical":"https:\/\/viveancares.com\/index.php\/viveancares-alugueres-e-algo-mais\/galeriagal\/","og_locale":"gl_ES","og_type":"article","og_title":"GALER\u00cdAGAL","og_description":"Moito m\u00e1is que paisaxes: Casas Grandes e Pazos, igrexas e mosteiros, horreos e cort\u00edns, castelos e torres, petroglifos, dolmens e Covas dos Mouros; miliarios, pontes, murallas e v\u00edas romanas&#8230; E paisaxe claro est\u00e1, da monta\u00f1a \u00e1 praia, das aldeas \u00e1 cidade, das dunas \u00f3s bosques; todo forma parte de qu\u00e9, de qu\u00e9n e de c\u00f3mo&hellip;","og_url":"https:\/\/viveancares.com\/index.php\/viveancares-alugueres-e-algo-mais\/galeriagal\/","og_site_name":"ViveAncares,Nat-Rural-Mente.","article_publisher":"https:\/\/www.facebook.com\/profile.php?id=100093151917022","article_modified_time":"2023-06-23T12:19:22+00:00","og_image":[{"url":"https:\/\/viveancares.com\/wp-content\/uploads\/2023\/06\/Via-XIX.jpg","type":"","width":"","height":""}],"twitter_card":"summary_large_image","twitter_misc":{"Tempo de lectura":"2 minutos"},"schema":{"@context":"https:\/\/schema.org","@graph":[{"@type":"WebPage","@id":"https:\/\/viveancares.com\/index.php\/viveancares-alugueres-e-algo-mais\/galeriagal\/","url":"https:\/\/viveancares.com\/index.php\/viveancares-alugueres-e-algo-mais\/galeriagal\/","name":"GALER\u00cdAGAL - ViveAncares,Nat-Rural-Mente.","isPartOf":{"@id":"https:\/\/viveancares.com\/#website"},"primaryImageOfPage":{"@id":"https:\/\/viveancares.com\/index.php\/viveancares-alugueres-e-algo-mais\/galeriagal\/#primaryimage"},"image":{"@id":"https:\/\/viveancares.com\/index.php\/viveancares-alugueres-e-algo-mais\/galeriagal\/#primaryimage"},"thumbnailUrl":"https:\/\/viveancares.com\/wp-content\/uploads\/2023\/06\/Via-XIX.jpg","datePublished":"2023-06-05T11:14:15+00:00","dateModified":"2023-06-23T12:19:22+00:00","breadcrumb":{"@id":"https:\/\/viveancares.com\/index.php\/viveancares-alugueres-e-algo-mais\/galeriagal\/#breadcrumb"},"inLanguage":"gl-ES","potentialAction":[{"@type":"ReadAction","target":["https:\/\/viveancares.com\/index.php\/viveancares-alugueres-e-algo-mais\/galeriagal\/"]}]},{"@type":"ImageObject","inLanguage":"gl-ES","@id":"https:\/\/viveancares.com\/index.php\/viveancares-alugueres-e-algo-mais\/galeriagal\/#primaryimage","url":"https:\/\/viveancares.com\/wp-content\/uploads\/2023\/06\/Via-XIX.jpg","contentUrl":"https:\/\/viveancares.com\/wp-content\/uploads\/2023\/06\/Via-XIX.jpg"},{"@type":"BreadcrumbList","@id":"https:\/\/viveancares.com\/index.php\/viveancares-alugueres-e-algo-mais\/galeriagal\/#breadcrumb","itemListElement":[{"@type":"ListItem","position":1,"name":"Portada","item":"https:\/\/viveancares.com\/"},{"@type":"ListItem","position":2,"name":"vivegal","item":"https:\/\/viveancares.com\/"},{"@type":"ListItem","position":3,"name":"GALER\u00cdAGAL"}]},{"@type":"WebSite","@id":"https:\/\/viveancares.com\/#website","url":"https:\/\/viveancares.com\/","name":"ViveAncares,Nat-Rural-Mente.","description":"&lt;strong&gt;Alugueres e algo m\u00e1is. Sempre rematamos por chegar a donde nos esperan.&lt;\/strong&gt;&lt;br&gt;&lt;br&gt;&lt;strong&gt;Jos\u00e9 Saramago.&lt;\/strong&gt;","publisher":{"@id":"https:\/\/viveancares.com\/#organization"},"potentialAction":[{"@type":"SearchAction","target":{"@type":"EntryPoint","urlTemplate":"https:\/\/viveancares.com\/?s={search_term_string}"},"query-input":{"@type":"PropertyValueSpecification","valueRequired":true,"valueName":"search_term_string"}}],"inLanguage":"gl-ES"},{"@type":"Organization","@id":"https:\/\/viveancares.com\/#organization","name":"ViveAncares,Nat-Rural-Mente.","url":"https:\/\/viveancares.com\/","logo":{"@type":"ImageObject","inLanguage":"gl-ES","@id":"https:\/\/viveancares.com\/#\/schema\/logo\/image\/","url":"https:\/\/viveancares.com\/wp-content\/uploads\/2023\/06\/logox.jpg","contentUrl":"https:\/\/viveancares.com\/wp-content\/uploads\/2023\/06\/logox.jpg","width":1502,"height":227,"caption":"ViveAncares,Nat-Rural-Mente."},"image":{"@id":"https:\/\/viveancares.com\/#\/schema\/logo\/image\/"},"sameAs":["https:\/\/www.facebook.com\/profile.php?id=100093151917022"]}]}},"_links":{"self":[{"href":"https:\/\/viveancares.com\/index.php\/wp-json\/wp\/v2\/pages\/307"}],"collection":[{"href":"https:\/\/viveancares.com\/index.php\/wp-json\/wp\/v2\/pages"}],"about":[{"href":"https:\/\/viveancares.com\/index.php\/wp-json\/wp\/v2\/types\/page"}],"author":[{"embeddable":true,"href":"https:\/\/viveancares.com\/index.php\/wp-json\/wp\/v2\/users\/1"}],"replies":[{"embeddable":true,"href":"https:\/\/viveancares.com\/index.php\/wp-json\/wp\/v2\/comments?post=307"}],"version-history":[{"count":29,"href":"https:\/\/viveancares.com\/index.php\/wp-json\/wp\/v2\/pages\/307\/revisions"}],"predecessor-version":[{"id":1321,"href":"https:\/\/viveancares.com\/index.php\/wp-json\/wp\/v2\/pages\/307\/revisions\/1321"}],"up":[{"embeddable":true,"href":"https:\/\/viveancares.com\/index.php\/wp-json\/wp\/v2\/pages\/5"}],"wp:attachment":[{"href":"https:\/\/viveancares.com\/index.php\/wp-json\/wp\/v2\/media?parent=307"}],"curies":[{"name":"wp","href":"https:\/\/api.w.org\/{rel}","templated":true}]}}