{"id":315,"date":"2023-06-05T11:59:23","date_gmt":"2023-06-05T11:59:23","guid":{"rendered":"https:\/\/viveancares.com\/?page_id=315"},"modified":"2023-06-12T11:08:47","modified_gmt":"2023-06-12T11:08:47","slug":"inicioesp","status":"publish","type":"page","link":"https:\/\/viveancares.com\/index.php\/viveancares-alugueres-e-algo-mais\/viveesp\/inicioesp\/","title":{"rendered":"inicioesp"},"content":{"rendered":"\n<div class=\"wp-block-columns is-layout-flex wp-container-core-columns-is-layout-1 wp-block-columns-is-layout-flex\">\n<div class=\"wp-block-column is-layout-flow wp-block-column-is-layout-flow\"><div class=\"is-style-rounded wp-block-site-logo\"><a href=\"https:\/\/viveancares.com\/\" class=\"custom-logo-link\" rel=\"home\"><img fetchpriority=\"high\" decoding=\"async\" width=\"700\" height=\"105\" src=\"https:\/\/viveancares.com\/wp-content\/uploads\/2023\/06\/logox.jpg\" class=\"custom-logo\" alt=\"ViveAncares,Nat-Rural-Mente.\" srcset=\"https:\/\/viveancares.com\/wp-content\/uploads\/2023\/06\/logox.jpg 1502w, https:\/\/viveancares.com\/wp-content\/uploads\/2023\/06\/logox-300x45.jpg 300w, https:\/\/viveancares.com\/wp-content\/uploads\/2023\/06\/logox-1024x155.jpg 1024w, https:\/\/viveancares.com\/wp-content\/uploads\/2023\/06\/logox-768x116.jpg 768w\" sizes=\"(max-width: 700px) 100vw, 700px\" \/><\/a><\/div><\/div>\n<\/div>\n\n\n\n<p class=\"has-white-color has-text-color has-caveat-font-family\" style=\"font-size:100px;font-style:italic;font-weight:800\">\u00a1 Hola gente !<\/p>\n\n\n\n<figure class=\"wp-block-image size-large\"><img decoding=\"async\" width=\"1024\" height=\"768\" src=\"https:\/\/viveancares.com\/wp-content\/uploads\/2023\/06\/201382994_4091407474271612_2215261005249623479_n-1-1024x768.jpg\" alt=\"\" class=\"wp-image-178\" srcset=\"https:\/\/viveancares.com\/wp-content\/uploads\/2023\/06\/201382994_4091407474271612_2215261005249623479_n-1-1024x768.jpg 1024w, https:\/\/viveancares.com\/wp-content\/uploads\/2023\/06\/201382994_4091407474271612_2215261005249623479_n-1-300x225.jpg 300w, https:\/\/viveancares.com\/wp-content\/uploads\/2023\/06\/201382994_4091407474271612_2215261005249623479_n-1-768x576.jpg 768w, https:\/\/viveancares.com\/wp-content\/uploads\/2023\/06\/201382994_4091407474271612_2215261005249623479_n-1.jpg 1440w\" sizes=\"(max-width: 1024px) 100vw, 1024px\" \/><\/figure>\n\n\n\n<p><\/p>\n\n\n\n<p class=\"has-text-align-center has-white-color has-transparent-background-color has-text-color has-background has-link-color has-caveat-font-family wp-elements-f5b6016e5dcb319ea01f4cfc1aada76d\" style=\"font-size:131px;font-style:italic;font-weight:800;letter-spacing:5px;line-height:0.9;text-decoration:underline\">ViveAncares,<\/p>\n\n\n\n<p class=\"has-text-align-left has-white-color has-transparent-background-color has-text-color has-background has-link-color has-caveat-font-family wp-elements-33fbb02d711914ca3aefa5397fedd56f\" style=\"font-size:70px;font-style:italic;font-weight:800\">desde <a href=\"http:\/\/concellobecerrea.es\/portal_localweb\/principal_ayto_becerrea.jsp?codResi=11&amp;language=es\" data-type=\"URL\" data-id=\"concellobecerrea.es\/portal_localweb\/principal_ayto_becerrea.jsp?codResi=11&amp;language=es\" target=\"_blank\" rel=\"noreferrer noopener\">Becerre\u00e1<\/a>, en los Ancares lucenses, nacemos como un servicio de alquileres, pero con un pl\u00fas de atenci\u00f3n al detalle, porque somos personas que gustan de las personas.        <\/p>\n\n\n\n<p class=\"has-white-color has-transparent-background-color has-text-color has-background has-caveat-font-family\" style=\"margin-top:0;margin-right:0;margin-bottom:0;margin-left:0;padding-top:0;padding-right:0;padding-bottom:0;padding-left:0;font-size:70px;font-style:italic;font-weight:800\"><img decoding=\"async\" class=\"wp-image-32\" style=\"width: 641px\" src=\"https:\/\/viveancares.files.wordpress.com\/2023\/06\/pisosancares351.jpg\" alt=\"\">                                                                                               Mucho m\u00e1s que alquileres, <\/p>\n\n\n\n<p class=\"has-white-color has-transparent-background-color has-text-color has-background has-caveat-font-family\" style=\"margin-top:0;margin-right:0;margin-bottom:0;margin-left:0;padding-top:0;padding-right:0;padding-bottom:0;padding-left:0;font-size:70px;font-style:italic;font-weight:800\">otra forma de vivir&#8230;<\/p>\n\n\n\n<div class=\"wp-block-columns alignwide is-layout-flex wp-container-core-columns-is-layout-2 wp-block-columns-is-layout-flex\">\n<div class=\"wp-block-column is-vertically-aligned-center is-layout-flow wp-block-column-is-layout-flow\" style=\"flex-basis:66.66%\">\n<p class=\"has-text-align-right has-white-color has-text-color has-caveat-font-family\" style=\"font-size:100px;font-style:italic;font-weight:900;text-decoration:underline\"><strong>Nat-rural- mente<\/strong>&#8230;<\/p>\n<\/div>\n\n\n\n<div class=\"wp-block-column is-layout-flow wp-block-column-is-layout-flow\" style=\"flex-basis:33.33%\">\n<figure class=\"wp-block-image aligncenter size-large is-resized\"><img decoding=\"async\" src=\"https:\/\/viveancares.com\/wp-content\/uploads\/2023\/06\/EMOJI-2-904x1024.jpg\" alt=\"\" class=\"wp-image-1204\" width=\"135\" height=\"152\" srcset=\"https:\/\/viveancares.com\/wp-content\/uploads\/2023\/06\/EMOJI-2-904x1024.jpg 904w, https:\/\/viveancares.com\/wp-content\/uploads\/2023\/06\/EMOJI-2-265x300.jpg 265w, https:\/\/viveancares.com\/wp-content\/uploads\/2023\/06\/EMOJI-2-768x870.jpg 768w, https:\/\/viveancares.com\/wp-content\/uploads\/2023\/06\/EMOJI-2-1356x1536.jpg 1356w, https:\/\/viveancares.com\/wp-content\/uploads\/2023\/06\/EMOJI-2-1808x2048.jpg 1808w, https:\/\/viveancares.com\/wp-content\/uploads\/2023\/06\/EMOJI-2-530x600.jpg 530w\" sizes=\"(max-width: 135px) 100vw, 135px\" \/><\/figure>\n<\/div>\n<\/div>\n\n\n\n<p><\/p>\n\n\n\n<p class=\"has-text-align-center has-white-color has-text-color has-caveat-font-family\" style=\"font-size:62px;font-style:normal;font-weight:700\">\u00bfQuieres conocernos m\u00e1s?<\/p>\n\n\n\n<p class=\"has-text-align-center has-white-color has-text-color has-caveat-font-family\" style=\"font-size:93px;font-style:normal;font-weight:700;text-decoration:underline\"><strong>Explora nuestra web !<\/strong><\/p>\n\n\n\n<p><\/p>\n\n\n\n<div class=\"wp-block-buttons alignfull is-content-justification-space-between is-nowrap is-layout-flex wp-container-core-buttons-is-layout-1 wp-block-buttons-is-layout-flex\">\n<div class=\"wp-block-button has-custom-font-size is-style-outline has-caveat-font-family\" style=\"font-size:14px;font-style:normal;font-weight:900\"><a class=\"wp-block-button__link has-custom-color-1-color has-white-background-color has-text-color has-background wp-element-button\" href=\"https:\/\/viveancares.com\/index.php\/vivegal\/viveesp\/\" style=\"padding-top:26px;padding-right:26px;padding-bottom:26px;padding-left:26px\"><em><span style=\"text-decoration: underline\">VIVEANCARES<\/span><\/em><\/a><\/div>\n\n\n\n<div class=\"wp-block-button has-custom-font-size has-domine-font-family\" style=\"font-size:14px;font-style:normal;font-weight:900\"><a class=\"wp-block-button__link has-custom-color-1-color has-white-background-color has-text-color has-background wp-element-button\" href=\"https:\/\/viveancares.com\/index.php\/vivegal\/viveesp\/qvqfesp\/\" style=\"padding-top:26px;padding-right:26px;padding-bottom:26px;padding-left:26px\"><span style=\"text-decoration: underline\">QUE VER \/ QUE HACER<\/span><\/a><\/div>\n\n\n\n<div class=\"wp-block-button has-custom-font-size has-caveat-font-family\" style=\"font-size:14px;font-style:normal;font-weight:900\"><a class=\"wp-block-button__link has-custom-color-1-color has-white-background-color has-text-color has-background wp-element-button\" href=\"https:\/\/viveancares.com\/index.php\/vivegal\/viveesp\/situacionesp\/\" style=\"padding-top:26px;padding-right:26px;padding-bottom:26px;padding-left:26px\">SITUACI\u00d3N<\/a><\/div>\n\n\n\n<div class=\"wp-block-button has-custom-font-size has-caveat-font-family\" style=\"font-size:14px;font-style:normal;font-weight:900\"><a class=\"wp-block-button__link has-custom-color-1-color has-white-background-color has-text-color has-background wp-element-button\" href=\"https:\/\/viveancares.com\/index.php\/vivegal\/viveesp\/galeriaesp\/\" style=\"padding-top:26px;padding-right:26px;padding-bottom:26px;padding-left:26px\">GALER\u00cdA<\/a><\/div>\n\n\n\n<div class=\"wp-block-button has-custom-font-size has-domine-font-family\" style=\"font-size:14px;font-style:normal;font-weight:900\"><a class=\"wp-block-button__link has-custom-color-1-color has-white-background-color has-text-color has-background wp-element-button\" href=\"https:\/\/viveancares.com\/index.php\/vivegal\/viveesp\/lasviviendasesp\/\" style=\"padding-top:26px;padding-right:26px;padding-bottom:26px;padding-left:26px\">LAS VIVENDAS<\/a><\/div>\n\n\n\n<div class=\"wp-block-button has-custom-font-size has-domine-font-family\" style=\"font-size:14px;font-style:normal;font-weight:900\"><a class=\"wp-block-button__link has-custom-color-1-color has-white-background-color has-text-color has-background wp-element-button\" style=\"padding-top:26px;padding-right:26px;padding-bottom:26px;padding-left:26px\">QUIEN SOMOS<\/a><\/div>\n\n\n\n<div class=\"wp-block-button has-custom-font-size has-domine-font-family\" style=\"font-size:14px;font-style:normal;font-weight:900\"><a class=\"wp-block-button__link has-custom-color-1-color has-white-background-color has-text-color has-background wp-element-button\" style=\"padding-top:26px;padding-right:26px;padding-bottom:26px;padding-left:26px\">CONTACTO<\/a><\/div>\n<\/div>\n\n\n\n<div style=\"height:100px\" aria-hidden=\"true\" class=\"wp-block-spacer\"><\/div>\n\n\n\n<h2 class=\"wp-block-heading alignfull has-text-align-center has-custom-color-1-color has-white-background-color has-text-color has-background has-caveat-font-family\" style=\"font-size:49px;font-style:italic;font-weight:800\">&#8221; Nuestro<strong> destino nunca es un lugar, sino una forma diferente de ver las cosas<\/strong> &#8220;<\/h2>\n\n\n\n<h2 class=\"wp-block-heading alignfull has-text-align-center has-custom-color-2-color has-white-background-color has-text-color has-background has-caveat-font-family\" style=\"margin-top:0;margin-right:0;margin-bottom:0;margin-left:0;font-size:49px;font-style:italic;font-weight:800\">Henry Miller<\/h2>\n\n\n\n<div style=\"height:54px\" aria-hidden=\"true\" class=\"wp-block-spacer\"><\/div>\n\n\n\n<p><\/p>\n\n\n\n<p class=\"has-text-align-center has-black-color has-text-color has-caveat-font-family\" style=\"font-size:65px\"><strong>ViveAncares \u00ae<\/strong><\/p>\n","protected":false},"excerpt":{"rendered":"<p>\u00a1 Hola gente ! ViveAncares, desde Becerre\u00e1, en los Ancares lucenses, nacemos como un servicio de alquileres, pero con un pl\u00fas de atenci\u00f3n al detalle, porque somos personas que gustan de las personas. Mucho m\u00e1s que alquileres, otra forma de vivir&#8230; Nat-rural- mente&#8230; \u00bfQuieres conocernos m\u00e1s? Explora nuestra web ! &#8221; Nuestro destino nunca es&hellip;<\/p>\n","protected":false},"author":1,"featured_media":0,"parent":15,"menu_order":0,"comment_status":"closed","ping_status":"closed","template":"","meta":{"ngg_post_thumbnail":0,"two_page_speed":[],"footnotes":""},"yoast_head":"<!-- This site is optimized with the Yoast SEO Premium plugin v20.5 (Yoast SEO v24.5) - https:\/\/yoast.com\/wordpress\/plugins\/seo\/ -->\n<title>inicioesp - ViveAncares,Nat-Rural-Mente.<\/title>\n<meta name=\"robots\" content=\"index, follow, max-snippet:-1, max-image-preview:large, max-video-preview:-1\" \/>\n<link rel=\"canonical\" href=\"https:\/\/viveancares.com\/index.php\/vivegal\/viveesp\/inicioesp\/\" \/>\n<meta property=\"og:locale\" content=\"gl_ES\" \/>\n<meta property=\"og:type\" content=\"article\" \/>\n<meta property=\"og:title\" content=\"inicioesp\" \/>\n<meta property=\"og:description\" content=\"\u00a1 Hola gente ! ViveAncares, desde Becerre\u00e1, en los Ancares lucenses, nacemos como un servicio de alquileres, pero con un pl\u00fas de atenci\u00f3n al detalle, porque somos personas que gustan de las personas. Mucho m\u00e1s que alquileres, otra forma de vivir&#8230; Nat-rural- mente&#8230; \u00bfQuieres conocernos m\u00e1s? Explora nuestra web ! &#8221; Nuestro destino nunca es&hellip;\" \/>\n<meta property=\"og:url\" content=\"https:\/\/viveancares.com\/index.php\/vivegal\/viveesp\/inicioesp\/\" \/>\n<meta property=\"og:site_name\" content=\"ViveAncares,Nat-Rural-Mente.\" \/>\n<meta property=\"article:publisher\" content=\"https:\/\/www.facebook.com\/profile.php?id=100093151917022\" \/>\n<meta property=\"article:modified_time\" content=\"2023-06-12T11:08:47+00:00\" \/>\n<meta property=\"og:image\" content=\"https:\/\/viveancares.com\/wp-content\/uploads\/2023\/06\/201382994_4091407474271612_2215261005249623479_n-1-1024x768.jpg\" \/>\n<meta name=\"twitter:card\" content=\"summary_large_image\" \/>\n<meta name=\"twitter:label1\" content=\"Tempo de lectura\" \/>\n\t<meta name=\"twitter:data1\" content=\"2 minutos\" \/>\n<script type=\"application\/ld+json\" class=\"yoast-schema-graph\">{\"@context\":\"https:\/\/schema.org\",\"@graph\":[{\"@type\":\"WebPage\",\"@id\":\"https:\/\/viveancares.com\/index.php\/vivegal\/viveesp\/inicioesp\/\",\"url\":\"https:\/\/viveancares.com\/index.php\/vivegal\/viveesp\/inicioesp\/\",\"name\":\"inicioesp - ViveAncares,Nat-Rural-Mente.\",\"isPartOf\":{\"@id\":\"https:\/\/viveancares.com\/#website\"},\"primaryImageOfPage\":{\"@id\":\"https:\/\/viveancares.com\/index.php\/vivegal\/viveesp\/inicioesp\/#primaryimage\"},\"image\":{\"@id\":\"https:\/\/viveancares.com\/index.php\/vivegal\/viveesp\/inicioesp\/#primaryimage\"},\"thumbnailUrl\":\"https:\/\/viveancares.com\/wp-content\/uploads\/2023\/06\/201382994_4091407474271612_2215261005249623479_n-1-1024x768.jpg\",\"datePublished\":\"2023-06-05T11:59:23+00:00\",\"dateModified\":\"2023-06-12T11:08:47+00:00\",\"breadcrumb\":{\"@id\":\"https:\/\/viveancares.com\/index.php\/vivegal\/viveesp\/inicioesp\/#breadcrumb\"},\"inLanguage\":\"gl-ES\",\"potentialAction\":[{\"@type\":\"ReadAction\",\"target\":[\"https:\/\/viveancares.com\/index.php\/vivegal\/viveesp\/inicioesp\/\"]}]},{\"@type\":\"ImageObject\",\"inLanguage\":\"gl-ES\",\"@id\":\"https:\/\/viveancares.com\/index.php\/vivegal\/viveesp\/inicioesp\/#primaryimage\",\"url\":\"https:\/\/viveancares.com\/wp-content\/uploads\/2023\/06\/201382994_4091407474271612_2215261005249623479_n-1-1024x768.jpg\",\"contentUrl\":\"https:\/\/viveancares.com\/wp-content\/uploads\/2023\/06\/201382994_4091407474271612_2215261005249623479_n-1-1024x768.jpg\"},{\"@type\":\"BreadcrumbList\",\"@id\":\"https:\/\/viveancares.com\/index.php\/vivegal\/viveesp\/inicioesp\/#breadcrumb\",\"itemListElement\":[{\"@type\":\"ListItem\",\"position\":1,\"name\":\"Portada\",\"item\":\"https:\/\/viveancares.com\/\"},{\"@type\":\"ListItem\",\"position\":2,\"name\":\"vivegal\",\"item\":\"https:\/\/viveancares.com\/\"},{\"@type\":\"ListItem\",\"position\":3,\"name\":\"viveesp\",\"item\":\"https:\/\/viveancares.com\/index.php\/vivegal\/viveesp\/\"},{\"@type\":\"ListItem\",\"position\":4,\"name\":\"inicioesp\"}]},{\"@type\":\"WebSite\",\"@id\":\"https:\/\/viveancares.com\/#website\",\"url\":\"https:\/\/viveancares.com\/\",\"name\":\"ViveAncares,Nat-Rural-Mente.\",\"description\":\"&lt;strong&gt;Alugueres e algo m\u00e1is. Sempre rematamos por chegar a donde nos esperan.&lt;\/strong&gt;&lt;br&gt;&lt;br&gt;&lt;strong&gt;Jos\u00e9 Saramago.&lt;\/strong&gt;\",\"publisher\":{\"@id\":\"https:\/\/viveancares.com\/#organization\"},\"potentialAction\":[{\"@type\":\"SearchAction\",\"target\":{\"@type\":\"EntryPoint\",\"urlTemplate\":\"https:\/\/viveancares.com\/?s={search_term_string}\"},\"query-input\":{\"@type\":\"PropertyValueSpecification\",\"valueRequired\":true,\"valueName\":\"search_term_string\"}}],\"inLanguage\":\"gl-ES\"},{\"@type\":\"Organization\",\"@id\":\"https:\/\/viveancares.com\/#organization\",\"name\":\"ViveAncares,Nat-Rural-Mente.\",\"url\":\"https:\/\/viveancares.com\/\",\"logo\":{\"@type\":\"ImageObject\",\"inLanguage\":\"gl-ES\",\"@id\":\"https:\/\/viveancares.com\/#\/schema\/logo\/image\/\",\"url\":\"https:\/\/viveancares.com\/wp-content\/uploads\/2023\/06\/logox.jpg\",\"contentUrl\":\"https:\/\/viveancares.com\/wp-content\/uploads\/2023\/06\/logox.jpg\",\"width\":1502,\"height\":227,\"caption\":\"ViveAncares,Nat-Rural-Mente.\"},\"image\":{\"@id\":\"https:\/\/viveancares.com\/#\/schema\/logo\/image\/\"},\"sameAs\":[\"https:\/\/www.facebook.com\/profile.php?id=100093151917022\"]}]}<\/script>\n<!-- \/ Yoast SEO Premium plugin. -->","yoast_head_json":{"title":"inicioesp - ViveAncares,Nat-Rural-Mente.","robots":{"index":"index","follow":"follow","max-snippet":"max-snippet:-1","max-image-preview":"max-image-preview:large","max-video-preview":"max-video-preview:-1"},"canonical":"https:\/\/viveancares.com\/index.php\/vivegal\/viveesp\/inicioesp\/","og_locale":"gl_ES","og_type":"article","og_title":"inicioesp","og_description":"\u00a1 Hola gente ! ViveAncares, desde Becerre\u00e1, en los Ancares lucenses, nacemos como un servicio de alquileres, pero con un pl\u00fas de atenci\u00f3n al detalle, porque somos personas que gustan de las personas. Mucho m\u00e1s que alquileres, otra forma de vivir&#8230; Nat-rural- mente&#8230; \u00bfQuieres conocernos m\u00e1s? Explora nuestra web ! &#8221; Nuestro destino nunca es&hellip;","og_url":"https:\/\/viveancares.com\/index.php\/vivegal\/viveesp\/inicioesp\/","og_site_name":"ViveAncares,Nat-Rural-Mente.","article_publisher":"https:\/\/www.facebook.com\/profile.php?id=100093151917022","article_modified_time":"2023-06-12T11:08:47+00:00","og_image":[{"url":"https:\/\/viveancares.com\/wp-content\/uploads\/2023\/06\/201382994_4091407474271612_2215261005249623479_n-1-1024x768.jpg","type":"","width":"","height":""}],"twitter_card":"summary_large_image","twitter_misc":{"Tempo de lectura":"2 minutos"},"schema":{"@context":"https:\/\/schema.org","@graph":[{"@type":"WebPage","@id":"https:\/\/viveancares.com\/index.php\/vivegal\/viveesp\/inicioesp\/","url":"https:\/\/viveancares.com\/index.php\/vivegal\/viveesp\/inicioesp\/","name":"inicioesp - ViveAncares,Nat-Rural-Mente.","isPartOf":{"@id":"https:\/\/viveancares.com\/#website"},"primaryImageOfPage":{"@id":"https:\/\/viveancares.com\/index.php\/vivegal\/viveesp\/inicioesp\/#primaryimage"},"image":{"@id":"https:\/\/viveancares.com\/index.php\/vivegal\/viveesp\/inicioesp\/#primaryimage"},"thumbnailUrl":"https:\/\/viveancares.com\/wp-content\/uploads\/2023\/06\/201382994_4091407474271612_2215261005249623479_n-1-1024x768.jpg","datePublished":"2023-06-05T11:59:23+00:00","dateModified":"2023-06-12T11:08:47+00:00","breadcrumb":{"@id":"https:\/\/viveancares.com\/index.php\/vivegal\/viveesp\/inicioesp\/#breadcrumb"},"inLanguage":"gl-ES","potentialAction":[{"@type":"ReadAction","target":["https:\/\/viveancares.com\/index.php\/vivegal\/viveesp\/inicioesp\/"]}]},{"@type":"ImageObject","inLanguage":"gl-ES","@id":"https:\/\/viveancares.com\/index.php\/vivegal\/viveesp\/inicioesp\/#primaryimage","url":"https:\/\/viveancares.com\/wp-content\/uploads\/2023\/06\/201382994_4091407474271612_2215261005249623479_n-1-1024x768.jpg","contentUrl":"https:\/\/viveancares.com\/wp-content\/uploads\/2023\/06\/201382994_4091407474271612_2215261005249623479_n-1-1024x768.jpg"},{"@type":"BreadcrumbList","@id":"https:\/\/viveancares.com\/index.php\/vivegal\/viveesp\/inicioesp\/#breadcrumb","itemListElement":[{"@type":"ListItem","position":1,"name":"Portada","item":"https:\/\/viveancares.com\/"},{"@type":"ListItem","position":2,"name":"vivegal","item":"https:\/\/viveancares.com\/"},{"@type":"ListItem","position":3,"name":"viveesp","item":"https:\/\/viveancares.com\/index.php\/vivegal\/viveesp\/"},{"@type":"ListItem","position":4,"name":"inicioesp"}]},{"@type":"WebSite","@id":"https:\/\/viveancares.com\/#website","url":"https:\/\/viveancares.com\/","name":"ViveAncares,Nat-Rural-Mente.","description":"&lt;strong&gt;Alugueres e algo m\u00e1is. Sempre rematamos por chegar a donde nos esperan.&lt;\/strong&gt;&lt;br&gt;&lt;br&gt;&lt;strong&gt;Jos\u00e9 Saramago.&lt;\/strong&gt;","publisher":{"@id":"https:\/\/viveancares.com\/#organization"},"potentialAction":[{"@type":"SearchAction","target":{"@type":"EntryPoint","urlTemplate":"https:\/\/viveancares.com\/?s={search_term_string}"},"query-input":{"@type":"PropertyValueSpecification","valueRequired":true,"valueName":"search_term_string"}}],"inLanguage":"gl-ES"},{"@type":"Organization","@id":"https:\/\/viveancares.com\/#organization","name":"ViveAncares,Nat-Rural-Mente.","url":"https:\/\/viveancares.com\/","logo":{"@type":"ImageObject","inLanguage":"gl-ES","@id":"https:\/\/viveancares.com\/#\/schema\/logo\/image\/","url":"https:\/\/viveancares.com\/wp-content\/uploads\/2023\/06\/logox.jpg","contentUrl":"https:\/\/viveancares.com\/wp-content\/uploads\/2023\/06\/logox.jpg","width":1502,"height":227,"caption":"ViveAncares,Nat-Rural-Mente."},"image":{"@id":"https:\/\/viveancares.com\/#\/schema\/logo\/image\/"},"sameAs":["https:\/\/www.facebook.com\/profile.php?id=100093151917022"]}]}},"_links":{"self":[{"href":"https:\/\/viveancares.com\/index.php\/wp-json\/wp\/v2\/pages\/315"}],"collection":[{"href":"https:\/\/viveancares.com\/index.php\/wp-json\/wp\/v2\/pages"}],"about":[{"href":"https:\/\/viveancares.com\/index.php\/wp-json\/wp\/v2\/types\/page"}],"author":[{"embeddable":true,"href":"https:\/\/viveancares.com\/index.php\/wp-json\/wp\/v2\/users\/1"}],"replies":[{"embeddable":true,"href":"https:\/\/viveancares.com\/index.php\/wp-json\/wp\/v2\/comments?post=315"}],"version-history":[{"count":6,"href":"https:\/\/viveancares.com\/index.php\/wp-json\/wp\/v2\/pages\/315\/revisions"}],"predecessor-version":[{"id":1216,"href":"https:\/\/viveancares.com\/index.php\/wp-json\/wp\/v2\/pages\/315\/revisions\/1216"}],"up":[{"embeddable":true,"href":"https:\/\/viveancares.com\/index.php\/wp-json\/wp\/v2\/pages\/15"}],"wp:attachment":[{"href":"https:\/\/viveancares.com\/index.php\/wp-json\/wp\/v2\/media?parent=315"}],"curies":[{"name":"wp","href":"https:\/\/api.w.org\/{rel}","templated":true}]}}