{"id":334,"date":"2023-06-05T15:55:01","date_gmt":"2023-06-05T15:55:01","guid":{"rendered":"https:\/\/viveancares.com\/?page_id=334"},"modified":"2023-08-25T11:34:47","modified_gmt":"2023-08-25T11:34:47","slug":"iniciocat","status":"publish","type":"page","link":"https:\/\/viveancares.com\/index.php\/viveancares-alugueres-e-algo-mais\/vivecat\/iniciocat\/","title":{"rendered":"iniciocat"},"content":{"rendered":"\n<div class=\"wp-block-columns is-layout-flex wp-container-core-columns-is-layout-1 wp-block-columns-is-layout-flex\">\n<div class=\"wp-block-column is-layout-flow wp-block-column-is-layout-flow\"><div class=\"is-style-rounded wp-block-site-logo\"><a href=\"https:\/\/viveancares.com\/\" class=\"custom-logo-link\" rel=\"home\"><img fetchpriority=\"high\" decoding=\"async\" width=\"700\" height=\"105\" src=\"https:\/\/viveancares.com\/wp-content\/uploads\/2023\/06\/logox.jpg\" class=\"custom-logo\" alt=\"ViveAncares,Nat-Rural-Mente.\" srcset=\"https:\/\/viveancares.com\/wp-content\/uploads\/2023\/06\/logox.jpg 1502w, https:\/\/viveancares.com\/wp-content\/uploads\/2023\/06\/logox-300x45.jpg 300w, https:\/\/viveancares.com\/wp-content\/uploads\/2023\/06\/logox-1024x155.jpg 1024w, https:\/\/viveancares.com\/wp-content\/uploads\/2023\/06\/logox-768x116.jpg 768w\" sizes=\"(max-width: 700px) 100vw, 700px\" \/><\/a><\/div><\/div>\n<\/div>\n\n\n\n<p class=\"has-white-color has-text-color has-caveat-font-family\" style=\"font-size:100px;font-style:italic;font-weight:800\">Hola Gent !  <\/p>\n\n\n\n<figure class=\"wp-block-image size-large\"><img decoding=\"async\" width=\"1024\" height=\"768\" src=\"https:\/\/viveancares.com\/wp-content\/uploads\/2023\/06\/201382994_4091407474271612_2215261005249623479_n-1-1024x768.jpg\" alt=\"\" class=\"wp-image-178\" srcset=\"https:\/\/viveancares.com\/wp-content\/uploads\/2023\/06\/201382994_4091407474271612_2215261005249623479_n-1-1024x768.jpg 1024w, https:\/\/viveancares.com\/wp-content\/uploads\/2023\/06\/201382994_4091407474271612_2215261005249623479_n-1-300x225.jpg 300w, https:\/\/viveancares.com\/wp-content\/uploads\/2023\/06\/201382994_4091407474271612_2215261005249623479_n-1-768x576.jpg 768w, https:\/\/viveancares.com\/wp-content\/uploads\/2023\/06\/201382994_4091407474271612_2215261005249623479_n-1.jpg 1440w\" sizes=\"(max-width: 1024px) 100vw, 1024px\" \/><\/figure>\n\n\n\n<p><\/p>\n\n\n\n<p class=\"has-text-align-center has-white-color has-transparent-background-color has-text-color has-background has-link-color has-caveat-font-family wp-elements-f9e107190ebd8cc026f8fc03cadd9dad\" style=\"font-size:100px;font-style:italic;font-weight:800;letter-spacing:0px;line-height:0.9;text-decoration:underline\">ViveAncares,<\/p>\n\n\n\n<p class=\"has-text-align-left has-white-color has-transparent-background-color has-text-color has-background has-link-color has-caveat-font-family wp-elements-a12c219931a8a32d6aa0aa2eea13fb55\" style=\"font-size:70px;font-style:italic;font-weight:800\">des de <a href=\"http:\/\/concellobecerrea.es\/portal_localweb\/principal_ayto_becerrea.jsp?codResi=11&amp;language=es\" data-type=\"URL\" data-id=\"http:\/\/concellobecerrea.es\/portal_localweb\/principal_ayto_becerrea.jsp?codResi=11&amp;language=es\" target=\"_blank\" rel=\"noreferrer noopener\">Becerre\u00e1,<\/a> als Ancares lucenses, naixem com un servei de lloguers, per\u00f2 amb un pl\u00fas d&#8217;atenci\u00f3 al detall, perqu\u00e8 som persones que agraden de les persones.<\/p>\n\n\n\n<p class=\"has-text-align-center has-white-color has-transparent-background-color has-text-color has-background has-caveat-font-family\" style=\"margin-top:0;margin-right:0;margin-bottom:0;margin-left:0;padding-top:0;padding-right:0;padding-bottom:0;padding-left:0;font-size:70px;font-style:italic;font-weight:800\"><img decoding=\"async\" class=\"wp-image-32\" style=\"width: 641px\" src=\"https:\/\/viveancares.files.wordpress.com\/2023\/06\/pisosancares351.jpg\" alt=\"\">                                                                                                           Molt m\u00e9s que lloguers,      una altra manera de viure&#8230;<\/p>\n\n\n\n<p class=\"has-text-align-center has-white-color has-text-color\" style=\"font-size:100px;font-style:italic;font-weight:900\">Nat-Rural-Mente&#8230;<\/p>\n\n\n\n<p class=\"has-text-align-center has-white-color has-text-color has-caveat-font-family\" style=\"font-size:62px;font-style:normal;font-weight:700\">Vols con\u00e8ixer-nos m\u00e9s?<\/p>\n\n\n\n<p class=\"has-text-align-center has-white-color has-text-color has-caveat-font-family\" style=\"font-size:85px;font-style:normal;font-weight:700;text-decoration:underline\"><strong>Explora la nostra web !<\/strong><\/p>\n\n\n\n<p><\/p>\n\n\n\n<div class=\"wp-block-buttons alignfull is-content-justification-space-between is-nowrap is-layout-flex wp-container-core-buttons-is-layout-1 wp-block-buttons-is-layout-flex\">\n<div class=\"wp-block-button has-custom-font-size is-style-outline has-caveat-font-family\" style=\"font-size:14px;font-style:normal;font-weight:900\"><a class=\"wp-block-button__link has-custom-color-1-color has-white-background-color has-text-color has-background wp-element-button\" href=\"https:\/\/viveancares.com\/index.php\/viveancares-alugueres-e-algo-mais\/vivecat\/iniciocat\/\" style=\"padding-top:26px;padding-right:26px;padding-bottom:26px;padding-left:26px\"><em><span style=\"text-decoration: underline\">VIVEANCARES<\/span><\/em><\/a><\/div>\n\n\n\n<div class=\"wp-block-button has-custom-font-size has-domine-font-family\" style=\"font-size:14px;font-style:normal;font-weight:900;text-transform:uppercase\"><a class=\"wp-block-button__link has-custom-color-1-color has-white-background-color has-text-color has-background wp-element-button\" href=\"https:\/\/viveancares.com\/index.php\/vivegal\/vivecat\/qvqfcat\/\" style=\"padding-top:26px;padding-right:26px;padding-bottom:26px;padding-left:26px\"><span style=\"text-decoration: underline\">qu\u00e8 veure \/ qu\u00e8 fer<\/span><\/a><\/div>\n\n\n\n<div class=\"wp-block-button has-custom-font-size has-caveat-font-family\" style=\"font-size:14px;font-style:normal;font-weight:900\"><a class=\"wp-block-button__link has-custom-color-1-color has-white-background-color has-text-color has-background wp-element-button\" href=\"https:\/\/viveancares.com\/index.php\/vivegal\/vivecat\/situacioncat\/\" style=\"padding-top:26px;padding-right:26px;padding-bottom:26px;padding-left:26px\">SITUACI\u00d3<\/a><\/div>\n\n\n\n<div class=\"wp-block-button has-custom-font-size has-caveat-font-family\" style=\"font-size:14px;font-style:normal;font-weight:900\"><a class=\"wp-block-button__link has-custom-color-1-color has-white-background-color has-text-color has-background wp-element-button\" href=\"https:\/\/viveancares.com\/index.php\/viveancares-alugueres-e-algo-mais\/vivecat\/galeriacat\/\" style=\"padding-top:26px;padding-right:26px;padding-bottom:26px;padding-left:26px\">GALERIA<\/a><\/div>\n\n\n\n<div class=\"wp-block-button has-custom-font-size has-domine-font-family\" style=\"font-size:14px;font-style:normal;font-weight:900\"><a class=\"wp-block-button__link has-custom-color-1-color has-white-background-color has-text-color has-background wp-element-button\" style=\"padding-top:26px;padding-right:26px;padding-bottom:26px;padding-left:26px\">ELS HABITATGES<\/a><\/div>\n\n\n\n<div class=\"wp-block-button has-custom-font-size has-domine-font-family\" style=\"font-size:14px;font-style:normal;font-weight:900\"><a class=\"wp-block-button__link has-custom-color-1-color has-white-background-color has-text-color has-background wp-element-button\" href=\"https:\/\/viveancares.com\/index.php\/viveancares-alugueres-e-algo-mais\/vivecat\/quensomoscat\/\" style=\"padding-top:26px;padding-right:26px;padding-bottom:26px;padding-left:26px\">QUI SOM<\/a><\/div>\n\n\n\n<div class=\"wp-block-button has-custom-font-size has-domine-font-family\" style=\"font-size:14px;font-style:normal;font-weight:900\"><a class=\"wp-block-button__link has-custom-color-1-color has-white-background-color has-text-color has-background wp-element-button\" style=\"padding-top:26px;padding-right:26px;padding-bottom:26px;padding-left:26px\">CONTACTE<\/a><\/div>\n<\/div>\n\n\n\n<div style=\"height:100px\" aria-hidden=\"true\" class=\"wp-block-spacer\"><\/div>\n\n\n\n<h2 class=\"wp-block-heading alignfull has-text-align-center has-custom-color-1-color has-white-background-color has-text-color has-background has-caveat-font-family\" id=\"h-el-nostre-desti-mai-no-es-un-lloc-sino-una-manera-diferent-de-veure-les-coses\" style=\"font-size:49px;font-style:italic;font-weight:800\">&#8221; <strong>El nostre dest\u00ed mai no \u00e9s un lloc, sin\u00f3 una manera diferent de veure les coses<\/strong>&#8220;<\/h2>\n\n\n\n<h2 class=\"wp-block-heading alignfull has-text-align-center has-custom-color-2-color has-white-background-color has-text-color has-background has-caveat-font-family\" id=\"h-henry-miller\" style=\"margin-top:0;margin-right:0;margin-bottom:0;margin-left:0;font-size:49px;font-style:italic;font-weight:800\">Henry Miller<\/h2>\n\n\n\n<div style=\"height:54px\" aria-hidden=\"true\" class=\"wp-block-spacer\"><\/div>\n\n\n\n<p class=\"has-text-align-center has-black-color has-text-color has-caveat-font-family\" style=\"font-size:76px;font-style:normal;font-weight:700\">ViveAncares \u00ae<\/p>\n\n\n\n<p><\/p>\n\n\n\n<p><\/p>\n\n\n\n<p><\/p>\n","protected":false},"excerpt":{"rendered":"<p>Hola Gent ! ViveAncares, des de Becerre\u00e1, als Ancares lucenses, naixem com un servei de lloguers, per\u00f2 amb un pl\u00fas d&#8217;atenci\u00f3 al detall, perqu\u00e8 som persones que agraden de les persones. Molt m\u00e9s que lloguers, una altra manera de viure&#8230; Nat-Rural-Mente&#8230; Vols con\u00e8ixer-nos m\u00e9s? Explora la nostra web ! &#8221; El nostre dest\u00ed mai no&hellip;<\/p>\n","protected":false},"author":1,"featured_media":0,"parent":12,"menu_order":0,"comment_status":"closed","ping_status":"closed","template":"","meta":{"ngg_post_thumbnail":0,"two_page_speed":[],"footnotes":""},"yoast_head":"<!-- This site is optimized with the Yoast SEO Premium plugin v20.5 (Yoast SEO v24.5) - https:\/\/yoast.com\/wordpress\/plugins\/seo\/ -->\n<title>iniciocat - ViveAncares,Nat-Rural-Mente.<\/title>\n<meta name=\"robots\" content=\"index, follow, max-snippet:-1, max-image-preview:large, max-video-preview:-1\" \/>\n<link rel=\"canonical\" href=\"https:\/\/viveancares.com\/index.php\/viveancares-alugueres-e-algo-mais\/vivecat\/iniciocat\/\" \/>\n<meta property=\"og:locale\" content=\"gl_ES\" \/>\n<meta property=\"og:type\" content=\"article\" \/>\n<meta property=\"og:title\" content=\"iniciocat\" \/>\n<meta property=\"og:description\" content=\"Hola Gent ! ViveAncares, des de Becerre\u00e1, als Ancares lucenses, naixem com un servei de lloguers, per\u00f2 amb un pl\u00fas d&#8217;atenci\u00f3 al detall, perqu\u00e8 som persones que agraden de les persones. Molt m\u00e9s que lloguers, una altra manera de viure&#8230; Nat-Rural-Mente&#8230; Vols con\u00e8ixer-nos m\u00e9s? Explora la nostra web ! &#8221; El nostre dest\u00ed mai no&hellip;\" \/>\n<meta property=\"og:url\" content=\"https:\/\/viveancares.com\/index.php\/viveancares-alugueres-e-algo-mais\/vivecat\/iniciocat\/\" \/>\n<meta property=\"og:site_name\" content=\"ViveAncares,Nat-Rural-Mente.\" \/>\n<meta property=\"article:publisher\" content=\"https:\/\/www.facebook.com\/profile.php?id=100093151917022\" \/>\n<meta property=\"article:modified_time\" content=\"2023-08-25T11:34:47+00:00\" \/>\n<meta property=\"og:image\" content=\"https:\/\/viveancares.com\/wp-content\/uploads\/2023\/06\/201382994_4091407474271612_2215261005249623479_n-1-1024x768.jpg\" \/>\n<meta name=\"twitter:card\" content=\"summary_large_image\" \/>\n<meta name=\"twitter:label1\" content=\"Tempo de lectura\" \/>\n\t<meta name=\"twitter:data1\" content=\"1 minuto\" \/>\n<script type=\"application\/ld+json\" class=\"yoast-schema-graph\">{\"@context\":\"https:\/\/schema.org\",\"@graph\":[{\"@type\":\"WebPage\",\"@id\":\"https:\/\/viveancares.com\/index.php\/viveancares-alugueres-e-algo-mais\/vivecat\/iniciocat\/\",\"url\":\"https:\/\/viveancares.com\/index.php\/viveancares-alugueres-e-algo-mais\/vivecat\/iniciocat\/\",\"name\":\"iniciocat - ViveAncares,Nat-Rural-Mente.\",\"isPartOf\":{\"@id\":\"https:\/\/viveancares.com\/#website\"},\"primaryImageOfPage\":{\"@id\":\"https:\/\/viveancares.com\/index.php\/viveancares-alugueres-e-algo-mais\/vivecat\/iniciocat\/#primaryimage\"},\"image\":{\"@id\":\"https:\/\/viveancares.com\/index.php\/viveancares-alugueres-e-algo-mais\/vivecat\/iniciocat\/#primaryimage\"},\"thumbnailUrl\":\"https:\/\/viveancares.com\/wp-content\/uploads\/2023\/06\/201382994_4091407474271612_2215261005249623479_n-1-1024x768.jpg\",\"datePublished\":\"2023-06-05T15:55:01+00:00\",\"dateModified\":\"2023-08-25T11:34:47+00:00\",\"breadcrumb\":{\"@id\":\"https:\/\/viveancares.com\/index.php\/viveancares-alugueres-e-algo-mais\/vivecat\/iniciocat\/#breadcrumb\"},\"inLanguage\":\"gl-ES\",\"potentialAction\":[{\"@type\":\"ReadAction\",\"target\":[\"https:\/\/viveancares.com\/index.php\/viveancares-alugueres-e-algo-mais\/vivecat\/iniciocat\/\"]}]},{\"@type\":\"ImageObject\",\"inLanguage\":\"gl-ES\",\"@id\":\"https:\/\/viveancares.com\/index.php\/viveancares-alugueres-e-algo-mais\/vivecat\/iniciocat\/#primaryimage\",\"url\":\"https:\/\/viveancares.com\/wp-content\/uploads\/2023\/06\/201382994_4091407474271612_2215261005249623479_n-1-1024x768.jpg\",\"contentUrl\":\"https:\/\/viveancares.com\/wp-content\/uploads\/2023\/06\/201382994_4091407474271612_2215261005249623479_n-1-1024x768.jpg\"},{\"@type\":\"BreadcrumbList\",\"@id\":\"https:\/\/viveancares.com\/index.php\/viveancares-alugueres-e-algo-mais\/vivecat\/iniciocat\/#breadcrumb\",\"itemListElement\":[{\"@type\":\"ListItem\",\"position\":1,\"name\":\"Portada\",\"item\":\"https:\/\/viveancares.com\/\"},{\"@type\":\"ListItem\",\"position\":2,\"name\":\"vivegal\",\"item\":\"https:\/\/viveancares.com\/\"},{\"@type\":\"ListItem\",\"position\":3,\"name\":\"vivecat\",\"item\":\"https:\/\/viveancares.com\/index.php\/viveancares-alugueres-e-algo-mais\/vivecat\/\"},{\"@type\":\"ListItem\",\"position\":4,\"name\":\"iniciocat\"}]},{\"@type\":\"WebSite\",\"@id\":\"https:\/\/viveancares.com\/#website\",\"url\":\"https:\/\/viveancares.com\/\",\"name\":\"ViveAncares,Nat-Rural-Mente.\",\"description\":\"&lt;strong&gt;Alugueres e algo m\u00e1is. Sempre rematamos por chegar a donde nos esperan.&lt;\/strong&gt;&lt;br&gt;&lt;br&gt;&lt;strong&gt;Jos\u00e9 Saramago.&lt;\/strong&gt;\",\"publisher\":{\"@id\":\"https:\/\/viveancares.com\/#organization\"},\"potentialAction\":[{\"@type\":\"SearchAction\",\"target\":{\"@type\":\"EntryPoint\",\"urlTemplate\":\"https:\/\/viveancares.com\/?s={search_term_string}\"},\"query-input\":{\"@type\":\"PropertyValueSpecification\",\"valueRequired\":true,\"valueName\":\"search_term_string\"}}],\"inLanguage\":\"gl-ES\"},{\"@type\":\"Organization\",\"@id\":\"https:\/\/viveancares.com\/#organization\",\"name\":\"ViveAncares,Nat-Rural-Mente.\",\"url\":\"https:\/\/viveancares.com\/\",\"logo\":{\"@type\":\"ImageObject\",\"inLanguage\":\"gl-ES\",\"@id\":\"https:\/\/viveancares.com\/#\/schema\/logo\/image\/\",\"url\":\"https:\/\/viveancares.com\/wp-content\/uploads\/2023\/06\/logox.jpg\",\"contentUrl\":\"https:\/\/viveancares.com\/wp-content\/uploads\/2023\/06\/logox.jpg\",\"width\":1502,\"height\":227,\"caption\":\"ViveAncares,Nat-Rural-Mente.\"},\"image\":{\"@id\":\"https:\/\/viveancares.com\/#\/schema\/logo\/image\/\"},\"sameAs\":[\"https:\/\/www.facebook.com\/profile.php?id=100093151917022\"]}]}<\/script>\n<!-- \/ Yoast SEO Premium plugin. -->","yoast_head_json":{"title":"iniciocat - ViveAncares,Nat-Rural-Mente.","robots":{"index":"index","follow":"follow","max-snippet":"max-snippet:-1","max-image-preview":"max-image-preview:large","max-video-preview":"max-video-preview:-1"},"canonical":"https:\/\/viveancares.com\/index.php\/viveancares-alugueres-e-algo-mais\/vivecat\/iniciocat\/","og_locale":"gl_ES","og_type":"article","og_title":"iniciocat","og_description":"Hola Gent ! ViveAncares, des de Becerre\u00e1, als Ancares lucenses, naixem com un servei de lloguers, per\u00f2 amb un pl\u00fas d&#8217;atenci\u00f3 al detall, perqu\u00e8 som persones que agraden de les persones. Molt m\u00e9s que lloguers, una altra manera de viure&#8230; Nat-Rural-Mente&#8230; Vols con\u00e8ixer-nos m\u00e9s? Explora la nostra web ! &#8221; El nostre dest\u00ed mai no&hellip;","og_url":"https:\/\/viveancares.com\/index.php\/viveancares-alugueres-e-algo-mais\/vivecat\/iniciocat\/","og_site_name":"ViveAncares,Nat-Rural-Mente.","article_publisher":"https:\/\/www.facebook.com\/profile.php?id=100093151917022","article_modified_time":"2023-08-25T11:34:47+00:00","og_image":[{"url":"https:\/\/viveancares.com\/wp-content\/uploads\/2023\/06\/201382994_4091407474271612_2215261005249623479_n-1-1024x768.jpg","type":"","width":"","height":""}],"twitter_card":"summary_large_image","twitter_misc":{"Tempo de lectura":"1 minuto"},"schema":{"@context":"https:\/\/schema.org","@graph":[{"@type":"WebPage","@id":"https:\/\/viveancares.com\/index.php\/viveancares-alugueres-e-algo-mais\/vivecat\/iniciocat\/","url":"https:\/\/viveancares.com\/index.php\/viveancares-alugueres-e-algo-mais\/vivecat\/iniciocat\/","name":"iniciocat - ViveAncares,Nat-Rural-Mente.","isPartOf":{"@id":"https:\/\/viveancares.com\/#website"},"primaryImageOfPage":{"@id":"https:\/\/viveancares.com\/index.php\/viveancares-alugueres-e-algo-mais\/vivecat\/iniciocat\/#primaryimage"},"image":{"@id":"https:\/\/viveancares.com\/index.php\/viveancares-alugueres-e-algo-mais\/vivecat\/iniciocat\/#primaryimage"},"thumbnailUrl":"https:\/\/viveancares.com\/wp-content\/uploads\/2023\/06\/201382994_4091407474271612_2215261005249623479_n-1-1024x768.jpg","datePublished":"2023-06-05T15:55:01+00:00","dateModified":"2023-08-25T11:34:47+00:00","breadcrumb":{"@id":"https:\/\/viveancares.com\/index.php\/viveancares-alugueres-e-algo-mais\/vivecat\/iniciocat\/#breadcrumb"},"inLanguage":"gl-ES","potentialAction":[{"@type":"ReadAction","target":["https:\/\/viveancares.com\/index.php\/viveancares-alugueres-e-algo-mais\/vivecat\/iniciocat\/"]}]},{"@type":"ImageObject","inLanguage":"gl-ES","@id":"https:\/\/viveancares.com\/index.php\/viveancares-alugueres-e-algo-mais\/vivecat\/iniciocat\/#primaryimage","url":"https:\/\/viveancares.com\/wp-content\/uploads\/2023\/06\/201382994_4091407474271612_2215261005249623479_n-1-1024x768.jpg","contentUrl":"https:\/\/viveancares.com\/wp-content\/uploads\/2023\/06\/201382994_4091407474271612_2215261005249623479_n-1-1024x768.jpg"},{"@type":"BreadcrumbList","@id":"https:\/\/viveancares.com\/index.php\/viveancares-alugueres-e-algo-mais\/vivecat\/iniciocat\/#breadcrumb","itemListElement":[{"@type":"ListItem","position":1,"name":"Portada","item":"https:\/\/viveancares.com\/"},{"@type":"ListItem","position":2,"name":"vivegal","item":"https:\/\/viveancares.com\/"},{"@type":"ListItem","position":3,"name":"vivecat","item":"https:\/\/viveancares.com\/index.php\/viveancares-alugueres-e-algo-mais\/vivecat\/"},{"@type":"ListItem","position":4,"name":"iniciocat"}]},{"@type":"WebSite","@id":"https:\/\/viveancares.com\/#website","url":"https:\/\/viveancares.com\/","name":"ViveAncares,Nat-Rural-Mente.","description":"&lt;strong&gt;Alugueres e algo m\u00e1is. Sempre rematamos por chegar a donde nos esperan.&lt;\/strong&gt;&lt;br&gt;&lt;br&gt;&lt;strong&gt;Jos\u00e9 Saramago.&lt;\/strong&gt;","publisher":{"@id":"https:\/\/viveancares.com\/#organization"},"potentialAction":[{"@type":"SearchAction","target":{"@type":"EntryPoint","urlTemplate":"https:\/\/viveancares.com\/?s={search_term_string}"},"query-input":{"@type":"PropertyValueSpecification","valueRequired":true,"valueName":"search_term_string"}}],"inLanguage":"gl-ES"},{"@type":"Organization","@id":"https:\/\/viveancares.com\/#organization","name":"ViveAncares,Nat-Rural-Mente.","url":"https:\/\/viveancares.com\/","logo":{"@type":"ImageObject","inLanguage":"gl-ES","@id":"https:\/\/viveancares.com\/#\/schema\/logo\/image\/","url":"https:\/\/viveancares.com\/wp-content\/uploads\/2023\/06\/logox.jpg","contentUrl":"https:\/\/viveancares.com\/wp-content\/uploads\/2023\/06\/logox.jpg","width":1502,"height":227,"caption":"ViveAncares,Nat-Rural-Mente."},"image":{"@id":"https:\/\/viveancares.com\/#\/schema\/logo\/image\/"},"sameAs":["https:\/\/www.facebook.com\/profile.php?id=100093151917022"]}]}},"_links":{"self":[{"href":"https:\/\/viveancares.com\/index.php\/wp-json\/wp\/v2\/pages\/334"}],"collection":[{"href":"https:\/\/viveancares.com\/index.php\/wp-json\/wp\/v2\/pages"}],"about":[{"href":"https:\/\/viveancares.com\/index.php\/wp-json\/wp\/v2\/types\/page"}],"author":[{"embeddable":true,"href":"https:\/\/viveancares.com\/index.php\/wp-json\/wp\/v2\/users\/1"}],"replies":[{"embeddable":true,"href":"https:\/\/viveancares.com\/index.php\/wp-json\/wp\/v2\/comments?post=334"}],"version-history":[{"count":13,"href":"https:\/\/viveancares.com\/index.php\/wp-json\/wp\/v2\/pages\/334\/revisions"}],"predecessor-version":[{"id":1508,"href":"https:\/\/viveancares.com\/index.php\/wp-json\/wp\/v2\/pages\/334\/revisions\/1508"}],"up":[{"embeddable":true,"href":"https:\/\/viveancares.com\/index.php\/wp-json\/wp\/v2\/pages\/12"}],"wp:attachment":[{"href":"https:\/\/viveancares.com\/index.php\/wp-json\/wp\/v2\/media?parent=334"}],"curies":[{"name":"wp","href":"https:\/\/api.w.org\/{rel}","templated":true}]}}