{"id":354,"date":"2023-06-06T10:41:11","date_gmt":"2023-06-06T10:41:11","guid":{"rendered":"https:\/\/viveancares.com\/?page_id=354"},"modified":"2023-06-08T11:10:22","modified_gmt":"2023-06-08T11:10:22","slug":"galeriaesp","status":"publish","type":"page","link":"https:\/\/viveancares.com\/index.php\/viveancares-alugueres-e-algo-mais\/viveesp\/galeriaesp\/","title":{"rendered":"Galer\u00edaesp"},"content":{"rendered":"\n<div class=\"wp-block-buttons alignfull is-content-justification-space-between is-nowrap is-layout-flex wp-container-core-buttons-is-layout-1 wp-block-buttons-is-layout-flex\">\n<div class=\"wp-block-button has-custom-font-size is-style-outline has-caveat-font-family\" style=\"font-size:14px;font-style:normal;font-weight:900\"><a class=\"wp-block-button__link has-custom-color-1-color has-white-background-color has-text-color has-background wp-element-button\" href=\"https:\/\/viveancares.com\/index.php\/viveesp\" style=\"padding-top:26px;padding-right:26px;padding-bottom:26px;padding-left:26px\"><em><span style=\"text-decoration: underline\">VIVEANCARES<\/span><\/em><\/a><\/div>\n\n\n\n<div class=\"wp-block-button has-custom-font-size has-domine-font-family\" style=\"font-size:14px;font-style:normal;font-weight:900\"><a class=\"wp-block-button__link has-custom-color-1-color has-white-background-color has-text-color has-background wp-element-button\" href=\"http:\/\/qvqfesp\" style=\"padding-top:26px;padding-right:26px;padding-bottom:26px;padding-left:26px\"><span style=\"text-decoration: underline\">QUE VER \/ QUE HACER<\/span><\/a><\/div>\n\n\n\n<div class=\"wp-block-button has-custom-font-size has-caveat-font-family\" style=\"font-size:14px;font-style:normal;font-weight:900\"><a class=\"wp-block-button__link has-custom-color-1-color has-white-background-color has-text-color has-background wp-element-button\" href=\"https:\/\/viveancares.com\/index.php\/vivegal\/viveesp\/situacionesp\/\" style=\"padding-top:26px;padding-right:26px;padding-bottom:26px;padding-left:26px\">SITUACI\u00d3N<\/a><\/div>\n\n\n\n<div class=\"wp-block-button has-custom-font-size has-domine-font-family\" style=\"font-size:14px;font-style:normal;font-weight:900\"><a class=\"wp-block-button__link has-custom-color-1-color has-white-background-color has-text-color has-background wp-element-button\" href=\"https:\/\/viveancares.com\/index.php\/vivegal\/viveesp\/lasviviendasesp\/\" style=\"padding-top:26px;padding-right:26px;padding-bottom:26px;padding-left:26px\">LAS VIVENDAS<\/a><\/div>\n\n\n\n<div class=\"wp-block-button has-custom-font-size has-domine-font-family\" style=\"font-size:14px;font-style:normal;font-weight:900\"><a class=\"wp-block-button__link has-custom-color-1-color has-white-background-color has-text-color has-background wp-element-button\" style=\"padding-top:26px;padding-right:26px;padding-bottom:26px;padding-left:26px\">QUIEN SOMOS<\/a><\/div>\n\n\n\n<div class=\"wp-block-button has-custom-font-size has-domine-font-family\" style=\"font-size:14px;font-style:normal;font-weight:900\"><a class=\"wp-block-button__link has-custom-color-1-color has-white-background-color has-text-color has-background wp-element-button\" style=\"padding-top:26px;padding-right:26px;padding-bottom:26px;padding-left:26px\">CONTACTO<\/a><\/div>\n<\/div>\n\n\n\n<div style=\"height:100px\" aria-hidden=\"true\" class=\"wp-block-spacer\"><\/div>\n\n\n\n<p class=\"has-white-color has-text-color has-caveat-font-family\" style=\"font-size:55px;font-style:italic;font-weight:900;text-decoration:underline\">Mucho m\u00e1s que paisajes:<\/p>\n\n\n\n<div style=\"height:100px\" aria-hidden=\"true\" class=\"wp-block-spacer\"><\/div>\n\n\n\n<figure class=\"wp-block-pullquote alignwide has-text-align-left has-white-color has-text-color has-caveat-font-family\" style=\"font-size:45px\"><blockquote><p>    <strong>Casas Grandes, Pazos, iglesias y monasterios, horreos y cort\u00edns, castillos y torres, petroglifos, d\u00f3lmenes y Covas dos Mouros; miliarios, puentes, murallas y v\u00edas romanas&#8230; Y paisaje claro est\u00e1, de la monta\u00f1a a la playa, de las aldeas a la ciudad, de las dunas a los bosques; todo forma parte de qu\u00e9, de qui\u00e9n y de c\u00f3mo somos. Es m\u00e1s que patrimonio, m\u00e1s que paisaje, es  nuestra herencia gen\u00e9tica y el porqu\u00e9 de nuestra idiosincrasia.<\/strong><\/p><\/blockquote><\/figure>\n\n\n\n<div style=\"height:100px\" aria-hidden=\"true\" class=\"wp-block-spacer\"><\/div>\n\n\n\n<p class=\"has-text-align-center has-white-color has-text-color has-playfair-display-font-family\" style=\"font-size:45px;font-style:italic;font-weight:900\">La villa, el entorno, el patrimonio&#8230;<\/p>\n\n\n\n<div style=\"height:100px\" aria-hidden=\"true\" class=\"wp-block-spacer\"><\/div>\n\n\n\nngg_shortcode_0_placeholder\n\n\n\n<p class=\"has-white-color has-text-color has-playfair-display-font-family\" style=\"font-size:29px;font-style:italic;font-weight:600\">     O Castro, O bosque dos Grobos, o Aci\u00f1eiral de Cruzul, as Covas de Valdavara, o Parque da Carballeira, Foncova, A ponte do demo, Cadoalla, Penafurada, o Cami\u00f1o da Antiga&#8230; nombres que suenan a magia, a leyendas, a &#8220;mouros&#8221;, que tienen m\u00fasica por s\u00ed mismos, y que no decepcionan cuando se les pone imagen.<\/p>\n\n\n\n<p class=\"has-text-align-center has-white-color has-text-color has-playfair-display-font-family\" style=\"font-size:45px;font-style:italic;font-weight:600\">Ven y descubre su m\u00fasica.<\/p>\n\n\n\n<figure class=\"wp-block-image size-full is-resized\"><img fetchpriority=\"high\" decoding=\"async\" src=\"https:\/\/viveancares.com\/wp-content\/uploads\/2023\/06\/Via-XIX.jpg\" alt=\"\" class=\"wp-image-442\" width=\"707\" height=\"628\" srcset=\"https:\/\/viveancares.com\/wp-content\/uploads\/2023\/06\/Via-XIX.jpg 616w, https:\/\/viveancares.com\/wp-content\/uploads\/2023\/06\/Via-XIX-300x266.jpg 300w\" sizes=\"(max-width: 707px) 100vw, 707px\" \/><\/figure>\n\n\n\n<div style=\"height:100px\" aria-hidden=\"true\" class=\"wp-block-spacer\"><\/div>\n\n\n\n<div class=\"wp-block-cover alignfull is-light has-custom-content-position is-position-top-center\"><span aria-hidden=\"true\" class=\"wp-block-cover__background has-white-background-color has-background-dim-100 has-background-dim\"><\/span><div class=\"wp-block-cover__inner-container is-layout-flow wp-block-cover-is-layout-flow\">\n<p class=\"has-text-align-center has-custom-color-1-color has-text-color has-caveat-font-family\" style=\"font-size:51px;font-style:normal;font-weight:900\">&#8220;S<strong>iempre acabamos por llegar a donde nos esperan<\/strong>&#8220;.<br><\/p>\n\n\n\n<p class=\"has-text-align-center has-custom-color-2-color has-text-color has-caveat-font-family\" style=\"margin-top:0px;margin-right:0px;margin-bottom:0px;margin-left:0px;padding-top:0;padding-right:0;padding-bottom:0;padding-left:0;font-size:50px\"><strong>Jos\u00e9 Saramago <\/strong><\/p>\n<\/div><\/div>\n\n\n\n<div style=\"height:100px\" aria-hidden=\"true\" class=\"wp-block-spacer\"><\/div>\n\n\n\n<div class=\"wp-block-buttons alignfull is-content-justification-space-between is-nowrap is-layout-flex wp-container-core-buttons-is-layout-2 wp-block-buttons-is-layout-flex\">\n<div class=\"wp-block-button has-custom-font-size is-style-outline has-caveat-font-family\" style=\"font-size:14px;font-style:normal;font-weight:900\"><a class=\"wp-block-button__link has-custom-color-1-color has-white-background-color has-text-color has-background wp-element-button\" href=\"https:\/\/viveancares.com\/index.php\/viveesp\" style=\"padding-top:26px;padding-right:26px;padding-bottom:26px;padding-left:26px\"><em><span style=\"text-decoration: underline\">VIVEANCARES<\/span><\/em><\/a><\/div>\n\n\n\n<div class=\"wp-block-button has-custom-font-size has-domine-font-family\" style=\"font-size:14px;font-style:normal;font-weight:900\"><a class=\"wp-block-button__link has-custom-color-1-color has-white-background-color has-text-color has-background wp-element-button\" href=\"https:\/\/viveancares.com\/index.php\/vivegal\/viveesp\/qvqfesp\/\" style=\"padding-top:26px;padding-right:26px;padding-bottom:26px;padding-left:26px\"><span style=\"text-decoration: underline\">QUE VER \/ QUE HACER<\/span><\/a><\/div>\n\n\n\n<div class=\"wp-block-button has-custom-font-size has-caveat-font-family\" style=\"font-size:14px;font-style:normal;font-weight:900\"><a class=\"wp-block-button__link has-custom-color-1-color has-white-background-color has-text-color has-background wp-element-button\" href=\"https:\/\/viveancares.com\/index.php\/vivegal\/viveesp\/situacionesp\/\" style=\"padding-top:26px;padding-right:26px;padding-bottom:26px;padding-left:26px\">SITUACI\u00d3N<\/a><\/div>\n\n\n\n<div class=\"wp-block-button has-custom-font-size has-domine-font-family\" style=\"font-size:14px;font-style:normal;font-weight:900\"><a class=\"wp-block-button__link has-custom-color-1-color has-white-background-color has-text-color has-background wp-element-button\" href=\"https:\/\/viveancares.com\/index.php\/vivegal\/viveesp\/lasviviendasesp\/\" style=\"padding-top:26px;padding-right:26px;padding-bottom:26px;padding-left:26px\">LAS VIVENDAS<\/a><\/div>\n\n\n\n<div class=\"wp-block-button has-custom-font-size has-domine-font-family\" style=\"font-size:14px;font-style:normal;font-weight:900\"><a class=\"wp-block-button__link has-custom-color-1-color has-white-background-color has-text-color has-background wp-element-button\" style=\"padding-top:26px;padding-right:26px;padding-bottom:26px;padding-left:26px\">QUIEN SOMOS<\/a><\/div>\n\n\n\n<div class=\"wp-block-button has-custom-font-size has-domine-font-family\" style=\"font-size:14px;font-style:normal;font-weight:900\"><a class=\"wp-block-button__link has-custom-color-1-color has-white-background-color has-text-color has-background wp-element-button\" style=\"padding-top:26px;padding-right:26px;padding-bottom:26px;padding-left:26px\">CONTACTO<\/a><\/div>\n<\/div>\n\n\n\n<p><\/p>\n\n\n\n<div style=\"height:100px\" aria-hidden=\"true\" class=\"wp-block-spacer\"><\/div>\n\n\n\n<p class=\"has-text-align-center has-black-color has-text-color has-caveat-font-family\" style=\"font-size:60px;font-style:italic;font-weight:900\">ViveAncares\u00ae<\/p>\n","protected":false},"excerpt":{"rendered":"<p>Mucho m\u00e1s que paisajes: Casas Grandes, Pazos, iglesias y monasterios, horreos y cort\u00edns, castillos y torres, petroglifos, d\u00f3lmenes y Covas dos Mouros; miliarios, puentes, murallas y v\u00edas romanas&#8230; Y paisaje claro est\u00e1, de la monta\u00f1a a la playa, de las aldeas a la ciudad, de las dunas a los bosques; todo forma parte de qu\u00e9,&hellip;<\/p>\n","protected":false},"author":1,"featured_media":0,"parent":15,"menu_order":0,"comment_status":"closed","ping_status":"closed","template":"","meta":{"ngg_post_thumbnail":0,"two_page_speed":[],"footnotes":""},"yoast_head":"<!-- This site is optimized with the Yoast SEO Premium plugin v20.5 (Yoast SEO v24.5) - https:\/\/yoast.com\/wordpress\/plugins\/seo\/ -->\n<title>Galer\u00edaesp - ViveAncares,Nat-Rural-Mente.<\/title>\n<meta name=\"robots\" content=\"index, follow, max-snippet:-1, max-image-preview:large, max-video-preview:-1\" \/>\n<link rel=\"canonical\" href=\"https:\/\/viveancares.com\/index.php\/vivegal\/viveesp\/galeriaesp\/\" \/>\n<meta property=\"og:locale\" content=\"gl_ES\" \/>\n<meta property=\"og:type\" content=\"article\" \/>\n<meta property=\"og:title\" content=\"Galer\u00edaesp\" \/>\n<meta property=\"og:description\" content=\"Mucho m\u00e1s que paisajes: Casas Grandes, Pazos, iglesias y monasterios, horreos y cort\u00edns, castillos y torres, petroglifos, d\u00f3lmenes y Covas dos Mouros; miliarios, puentes, murallas y v\u00edas romanas&#8230; Y paisaje claro est\u00e1, de la monta\u00f1a a la playa, de las aldeas a la ciudad, de las dunas a los bosques; todo forma parte de qu\u00e9,&hellip;\" \/>\n<meta property=\"og:url\" content=\"https:\/\/viveancares.com\/index.php\/vivegal\/viveesp\/galeriaesp\/\" \/>\n<meta property=\"og:site_name\" content=\"ViveAncares,Nat-Rural-Mente.\" \/>\n<meta property=\"article:publisher\" content=\"https:\/\/www.facebook.com\/profile.php?id=100093151917022\" \/>\n<meta property=\"article:modified_time\" content=\"2023-06-08T11:10:22+00:00\" \/>\n<meta property=\"og:image\" content=\"https:\/\/viveancares.com\/wp-content\/uploads\/2023\/06\/Via-XIX.jpg\" \/>\n<meta name=\"twitter:card\" content=\"summary_large_image\" \/>\n<meta name=\"twitter:label1\" content=\"Tempo de lectura\" \/>\n\t<meta name=\"twitter:data1\" content=\"1 minuto\" \/>\n<script type=\"application\/ld+json\" class=\"yoast-schema-graph\">{\"@context\":\"https:\/\/schema.org\",\"@graph\":[{\"@type\":\"WebPage\",\"@id\":\"https:\/\/viveancares.com\/index.php\/vivegal\/viveesp\/galeriaesp\/\",\"url\":\"https:\/\/viveancares.com\/index.php\/vivegal\/viveesp\/galeriaesp\/\",\"name\":\"Galer\u00edaesp - ViveAncares,Nat-Rural-Mente.\",\"isPartOf\":{\"@id\":\"https:\/\/viveancares.com\/#website\"},\"primaryImageOfPage\":{\"@id\":\"https:\/\/viveancares.com\/index.php\/vivegal\/viveesp\/galeriaesp\/#primaryimage\"},\"image\":{\"@id\":\"https:\/\/viveancares.com\/index.php\/vivegal\/viveesp\/galeriaesp\/#primaryimage\"},\"thumbnailUrl\":\"https:\/\/viveancares.com\/wp-content\/uploads\/2023\/06\/Via-XIX.jpg\",\"datePublished\":\"2023-06-06T10:41:11+00:00\",\"dateModified\":\"2023-06-08T11:10:22+00:00\",\"breadcrumb\":{\"@id\":\"https:\/\/viveancares.com\/index.php\/vivegal\/viveesp\/galeriaesp\/#breadcrumb\"},\"inLanguage\":\"gl-ES\",\"potentialAction\":[{\"@type\":\"ReadAction\",\"target\":[\"https:\/\/viveancares.com\/index.php\/vivegal\/viveesp\/galeriaesp\/\"]}]},{\"@type\":\"ImageObject\",\"inLanguage\":\"gl-ES\",\"@id\":\"https:\/\/viveancares.com\/index.php\/vivegal\/viveesp\/galeriaesp\/#primaryimage\",\"url\":\"https:\/\/viveancares.com\/wp-content\/uploads\/2023\/06\/Via-XIX.jpg\",\"contentUrl\":\"https:\/\/viveancares.com\/wp-content\/uploads\/2023\/06\/Via-XIX.jpg\"},{\"@type\":\"BreadcrumbList\",\"@id\":\"https:\/\/viveancares.com\/index.php\/vivegal\/viveesp\/galeriaesp\/#breadcrumb\",\"itemListElement\":[{\"@type\":\"ListItem\",\"position\":1,\"name\":\"Portada\",\"item\":\"https:\/\/viveancares.com\/\"},{\"@type\":\"ListItem\",\"position\":2,\"name\":\"vivegal\",\"item\":\"https:\/\/viveancares.com\/\"},{\"@type\":\"ListItem\",\"position\":3,\"name\":\"viveesp\",\"item\":\"https:\/\/viveancares.com\/index.php\/vivegal\/viveesp\/\"},{\"@type\":\"ListItem\",\"position\":4,\"name\":\"Galer\u00edaesp\"}]},{\"@type\":\"WebSite\",\"@id\":\"https:\/\/viveancares.com\/#website\",\"url\":\"https:\/\/viveancares.com\/\",\"name\":\"ViveAncares,Nat-Rural-Mente.\",\"description\":\"&lt;strong&gt;Alugueres e algo m\u00e1is. Sempre rematamos por chegar a donde nos esperan.&lt;\/strong&gt;&lt;br&gt;&lt;br&gt;&lt;strong&gt;Jos\u00e9 Saramago.&lt;\/strong&gt;\",\"publisher\":{\"@id\":\"https:\/\/viveancares.com\/#organization\"},\"potentialAction\":[{\"@type\":\"SearchAction\",\"target\":{\"@type\":\"EntryPoint\",\"urlTemplate\":\"https:\/\/viveancares.com\/?s={search_term_string}\"},\"query-input\":{\"@type\":\"PropertyValueSpecification\",\"valueRequired\":true,\"valueName\":\"search_term_string\"}}],\"inLanguage\":\"gl-ES\"},{\"@type\":\"Organization\",\"@id\":\"https:\/\/viveancares.com\/#organization\",\"name\":\"ViveAncares,Nat-Rural-Mente.\",\"url\":\"https:\/\/viveancares.com\/\",\"logo\":{\"@type\":\"ImageObject\",\"inLanguage\":\"gl-ES\",\"@id\":\"https:\/\/viveancares.com\/#\/schema\/logo\/image\/\",\"url\":\"https:\/\/viveancares.com\/wp-content\/uploads\/2023\/06\/logox.jpg\",\"contentUrl\":\"https:\/\/viveancares.com\/wp-content\/uploads\/2023\/06\/logox.jpg\",\"width\":1502,\"height\":227,\"caption\":\"ViveAncares,Nat-Rural-Mente.\"},\"image\":{\"@id\":\"https:\/\/viveancares.com\/#\/schema\/logo\/image\/\"},\"sameAs\":[\"https:\/\/www.facebook.com\/profile.php?id=100093151917022\"]}]}<\/script>\n<!-- \/ Yoast SEO Premium plugin. -->","yoast_head_json":{"title":"Galer\u00edaesp - ViveAncares,Nat-Rural-Mente.","robots":{"index":"index","follow":"follow","max-snippet":"max-snippet:-1","max-image-preview":"max-image-preview:large","max-video-preview":"max-video-preview:-1"},"canonical":"https:\/\/viveancares.com\/index.php\/vivegal\/viveesp\/galeriaesp\/","og_locale":"gl_ES","og_type":"article","og_title":"Galer\u00edaesp","og_description":"Mucho m\u00e1s que paisajes: Casas Grandes, Pazos, iglesias y monasterios, horreos y cort\u00edns, castillos y torres, petroglifos, d\u00f3lmenes y Covas dos Mouros; miliarios, puentes, murallas y v\u00edas romanas&#8230; Y paisaje claro est\u00e1, de la monta\u00f1a a la playa, de las aldeas a la ciudad, de las dunas a los bosques; todo forma parte de qu\u00e9,&hellip;","og_url":"https:\/\/viveancares.com\/index.php\/vivegal\/viveesp\/galeriaesp\/","og_site_name":"ViveAncares,Nat-Rural-Mente.","article_publisher":"https:\/\/www.facebook.com\/profile.php?id=100093151917022","article_modified_time":"2023-06-08T11:10:22+00:00","og_image":[{"url":"https:\/\/viveancares.com\/wp-content\/uploads\/2023\/06\/Via-XIX.jpg","type":"","width":"","height":""}],"twitter_card":"summary_large_image","twitter_misc":{"Tempo de lectura":"1 minuto"},"schema":{"@context":"https:\/\/schema.org","@graph":[{"@type":"WebPage","@id":"https:\/\/viveancares.com\/index.php\/vivegal\/viveesp\/galeriaesp\/","url":"https:\/\/viveancares.com\/index.php\/vivegal\/viveesp\/galeriaesp\/","name":"Galer\u00edaesp - ViveAncares,Nat-Rural-Mente.","isPartOf":{"@id":"https:\/\/viveancares.com\/#website"},"primaryImageOfPage":{"@id":"https:\/\/viveancares.com\/index.php\/vivegal\/viveesp\/galeriaesp\/#primaryimage"},"image":{"@id":"https:\/\/viveancares.com\/index.php\/vivegal\/viveesp\/galeriaesp\/#primaryimage"},"thumbnailUrl":"https:\/\/viveancares.com\/wp-content\/uploads\/2023\/06\/Via-XIX.jpg","datePublished":"2023-06-06T10:41:11+00:00","dateModified":"2023-06-08T11:10:22+00:00","breadcrumb":{"@id":"https:\/\/viveancares.com\/index.php\/vivegal\/viveesp\/galeriaesp\/#breadcrumb"},"inLanguage":"gl-ES","potentialAction":[{"@type":"ReadAction","target":["https:\/\/viveancares.com\/index.php\/vivegal\/viveesp\/galeriaesp\/"]}]},{"@type":"ImageObject","inLanguage":"gl-ES","@id":"https:\/\/viveancares.com\/index.php\/vivegal\/viveesp\/galeriaesp\/#primaryimage","url":"https:\/\/viveancares.com\/wp-content\/uploads\/2023\/06\/Via-XIX.jpg","contentUrl":"https:\/\/viveancares.com\/wp-content\/uploads\/2023\/06\/Via-XIX.jpg"},{"@type":"BreadcrumbList","@id":"https:\/\/viveancares.com\/index.php\/vivegal\/viveesp\/galeriaesp\/#breadcrumb","itemListElement":[{"@type":"ListItem","position":1,"name":"Portada","item":"https:\/\/viveancares.com\/"},{"@type":"ListItem","position":2,"name":"vivegal","item":"https:\/\/viveancares.com\/"},{"@type":"ListItem","position":3,"name":"viveesp","item":"https:\/\/viveancares.com\/index.php\/vivegal\/viveesp\/"},{"@type":"ListItem","position":4,"name":"Galer\u00edaesp"}]},{"@type":"WebSite","@id":"https:\/\/viveancares.com\/#website","url":"https:\/\/viveancares.com\/","name":"ViveAncares,Nat-Rural-Mente.","description":"&lt;strong&gt;Alugueres e algo m\u00e1is. Sempre rematamos por chegar a donde nos esperan.&lt;\/strong&gt;&lt;br&gt;&lt;br&gt;&lt;strong&gt;Jos\u00e9 Saramago.&lt;\/strong&gt;","publisher":{"@id":"https:\/\/viveancares.com\/#organization"},"potentialAction":[{"@type":"SearchAction","target":{"@type":"EntryPoint","urlTemplate":"https:\/\/viveancares.com\/?s={search_term_string}"},"query-input":{"@type":"PropertyValueSpecification","valueRequired":true,"valueName":"search_term_string"}}],"inLanguage":"gl-ES"},{"@type":"Organization","@id":"https:\/\/viveancares.com\/#organization","name":"ViveAncares,Nat-Rural-Mente.","url":"https:\/\/viveancares.com\/","logo":{"@type":"ImageObject","inLanguage":"gl-ES","@id":"https:\/\/viveancares.com\/#\/schema\/logo\/image\/","url":"https:\/\/viveancares.com\/wp-content\/uploads\/2023\/06\/logox.jpg","contentUrl":"https:\/\/viveancares.com\/wp-content\/uploads\/2023\/06\/logox.jpg","width":1502,"height":227,"caption":"ViveAncares,Nat-Rural-Mente."},"image":{"@id":"https:\/\/viveancares.com\/#\/schema\/logo\/image\/"},"sameAs":["https:\/\/www.facebook.com\/profile.php?id=100093151917022"]}]}},"_links":{"self":[{"href":"https:\/\/viveancares.com\/index.php\/wp-json\/wp\/v2\/pages\/354"}],"collection":[{"href":"https:\/\/viveancares.com\/index.php\/wp-json\/wp\/v2\/pages"}],"about":[{"href":"https:\/\/viveancares.com\/index.php\/wp-json\/wp\/v2\/types\/page"}],"author":[{"embeddable":true,"href":"https:\/\/viveancares.com\/index.php\/wp-json\/wp\/v2\/users\/1"}],"replies":[{"embeddable":true,"href":"https:\/\/viveancares.com\/index.php\/wp-json\/wp\/v2\/comments?post=354"}],"version-history":[{"count":13,"href":"https:\/\/viveancares.com\/index.php\/wp-json\/wp\/v2\/pages\/354\/revisions"}],"predecessor-version":[{"id":1049,"href":"https:\/\/viveancares.com\/index.php\/wp-json\/wp\/v2\/pages\/354\/revisions\/1049"}],"up":[{"embeddable":true,"href":"https:\/\/viveancares.com\/index.php\/wp-json\/wp\/v2\/pages\/15"}],"wp:attachment":[{"href":"https:\/\/viveancares.com\/index.php\/wp-json\/wp\/v2\/media?parent=354"}],"curies":[{"name":"wp","href":"https:\/\/api.w.org\/{rel}","templated":true}]}}